{"id":1008,"date":"2019-10-05T11:06:57","date_gmt":"2019-10-05T09:06:57","guid":{"rendered":"http:\/\/www.stredniskola.com\/cz\/?page_id=1008"},"modified":"2019-10-05T11:06:57","modified_gmt":"2019-10-05T09:06:57","slug":"vyrobky-polygrafickeho-studia","status":"publish","type":"page","link":"https:\/\/www.stredniskola.com\/index.php\/vyrobky-polygrafickeho-studia\/","title":{"rendered":"V\u00fdrobky Polygrafick\u00e9ho studia"},"content":{"rendered":"\n<p>V galerii jsou v\u00fdrobky na\u0161ich \u017e\u00e1k\u016f, kter\u00e9 vyu\u017e\u00edv\u00e1me k prezentaci na\u0161\u00ed \u0161koly.<\/p>\n\n\n\n<div class=\"wp-block-envira-envira-gallery\"><div id=\"envira-gallery-wrap-1018\" class=\"envira-gallery-wrap envira-gallery-theme-base envira-lightbox-theme-base_dark\" itemscope itemtype=\"https:\/\/schema.org\/ImageGallery\"><div style=\"opacity: 0.0\"  data-row-height=\"150\" data-gallery-theme=\"normal\" id=\"envira-gallery-1018\" class=\"envira-gallery-public envira-gallery-justified-public envira-gallery-0-columns envira-clear enviratope envira-gallery-css-animations\" data-envira-columns=\"0\"><div id=\"envira-gallery-item-1019\" class=\"envira-gallery-item enviratope-item envira-gallery-item-1 envira-lazy-load\" style=\"padding-left: 1px; padding-bottom: 1px; padding-right: 1px;\"  itemscope itemtype=\"https:\/\/schema.org\/ImageObject\"><div class=\"envira-gallery-item-inner\"><div class=\"envira-gallery-position-overlay  envira-gallery-top-left\"><\/div><div class=\"envira-gallery-position-overlay  envira-gallery-top-right\"><\/div><div class=\"envira-gallery-position-overlay  envira-gallery-bottom-left\"><\/div><div class=\"envira-gallery-position-overlay  envira-gallery-bottom-right\"><\/div><a href=\"http:\/\/www.stredniskola.com\/cz\/wp-content\/uploads\/2019\/10\/1-1.jpg\" class=\"envira-gallery-1018 envira-gallery-link\" rel=\"enviragallery1018\" title=\"smacap_Bright\" data-envira-caption=\"smacap_Bright\" data-envira-retina=\"\" data-thumbnail=\"\"  itemprop=\"contentUrl\"><img id=\"envira-gallery-image-1019\" class=\"envira-gallery-image envira-gallery-image-1 envira-normal envira-lazy\" data-envira-index=\"1\" src=\"https:\/\/www.stredniskola.com\/wp-content\/uploads\/2019\/10\/1-1-1024x768-640x480.jpg\" data-envira-src=\"https:\/\/www.stredniskola.com\/wp-content\/uploads\/2019\/10\/1-1-1024x768-640x480.jpg\" data-envira-gallery-id=\"1018\" data-envira-item-id=\"1019\" data-envira-caption=\"smacap_Bright\" alt=\"\" title=\"smacap_Bright\"  itemprop=\"thumbnailUrl\" data-envira-srcset=\"https:\/\/www.stredniskola.com\/wp-content\/uploads\/2019\/10\/1-1-1024x768-640x480.jpg 400w,https:\/\/www.stredniskola.com\/wp-content\/uploads\/2019\/10\/1-1-1024x768-640x480.jpg 2x\" data-envira-width=\"300\" data-envira-height=\"225\" srcset=\"data:image\/gif;base64,R0lGODlhAQABAIAAAP\/\/\/\/\/\/\/yH5BAEKAAEALAAAAAABAAEAAAICTAEAOw==\" data-safe-src=\"data:image\/gif;base64,R0lGODlhAQABAIAAAP\/\/\/\/\/\/\/yH5BAEKAAEALAAAAAABAAEAAAICTAEAOw==\" \/><\/a><\/div><\/div><div id=\"envira-gallery-item-1020\" class=\"envira-gallery-item enviratope-item envira-gallery-item-2 envira-lazy-load\" style=\"padding-left: 1px; padding-bottom: 1px; padding-right: 1px;\"  itemscope itemtype=\"https:\/\/schema.org\/ImageObject\"><div class=\"envira-gallery-item-inner\"><div class=\"envira-gallery-position-overlay  envira-gallery-top-left\"><\/div><div class=\"envira-gallery-position-overlay  envira-gallery-top-right\"><\/div><div class=\"envira-gallery-position-overlay  envira-gallery-bottom-left\"><\/div><div class=\"envira-gallery-position-overlay  envira-gallery-bottom-right\"><\/div><a href=\"http:\/\/www.stredniskola.com\/cz\/wp-content\/uploads\/2019\/10\/2-1.jpg\" class=\"envira-gallery-1018 envira-gallery-link\" rel=\"enviragallery1018\" title=\"oznor\" data-envira-caption=\"oznor\" data-envira-retina=\"\" data-thumbnail=\"\"  itemprop=\"contentUrl\"><img id=\"envira-gallery-image-1020\" class=\"envira-gallery-image envira-gallery-image-2 envira-normal envira-lazy\" data-envira-index=\"2\" src=\"https:\/\/www.stredniskola.com\/wp-content\/uploads\/2019\/10\/2-1-1024x768-640x480.jpg\" data-envira-src=\"https:\/\/www.stredniskola.com\/wp-content\/uploads\/2019\/10\/2-1-1024x768-640x480.jpg\" data-envira-gallery-id=\"1018\" data-envira-item-id=\"1020\" data-envira-caption=\"oznor\" alt=\"\" title=\"oznor\"  itemprop=\"thumbnailUrl\" data-envira-srcset=\"https:\/\/www.stredniskola.com\/wp-content\/uploads\/2019\/10\/2-1-1024x768-640x480.jpg 400w,https:\/\/www.stredniskola.com\/wp-content\/uploads\/2019\/10\/2-1-1024x768-640x480.jpg 2x\" data-envira-width=\"300\" data-envira-height=\"225\" srcset=\"data:image\/gif;base64,R0lGODlhAQABAIAAAP\/\/\/\/\/\/\/yH5BAEKAAEALAAAAAABAAEAAAICTAEAOw==\" data-safe-src=\"data:image\/gif;base64,R0lGODlhAQABAIAAAP\/\/\/\/\/\/\/yH5BAEKAAEALAAAAAABAAEAAAICTAEAOw==\" \/><\/a><\/div><\/div><div id=\"envira-gallery-item-1021\" class=\"envira-gallery-item enviratope-item envira-gallery-item-3 envira-lazy-load\" style=\"padding-left: 1px; padding-bottom: 1px; padding-right: 1px;\"  itemscope itemtype=\"https:\/\/schema.org\/ImageObject\"><div class=\"envira-gallery-item-inner\"><div class=\"envira-gallery-position-overlay  envira-gallery-top-left\"><\/div><div class=\"envira-gallery-position-overlay  envira-gallery-top-right\"><\/div><div class=\"envira-gallery-position-overlay  envira-gallery-bottom-left\"><\/div><div class=\"envira-gallery-position-overlay  envira-gallery-bottom-right\"><\/div><a href=\"http:\/\/www.stredniskola.com\/cz\/wp-content\/uploads\/2019\/10\/3.jpg\" class=\"envira-gallery-1018 envira-gallery-link\" rel=\"enviragallery1018\" title=\"oznor\" data-envira-caption=\"oznor\" data-envira-retina=\"\" data-thumbnail=\"\"  itemprop=\"contentUrl\"><img id=\"envira-gallery-image-1021\" class=\"envira-gallery-image envira-gallery-image-3 envira-normal envira-lazy\" data-envira-index=\"3\" src=\"https:\/\/www.stredniskola.com\/wp-content\/uploads\/2019\/10\/3-1024x768-640x480.jpg\" data-envira-src=\"https:\/\/www.stredniskola.com\/wp-content\/uploads\/2019\/10\/3-1024x768-640x480.jpg\" data-envira-gallery-id=\"1018\" data-envira-item-id=\"1021\" data-envira-caption=\"oznor\" alt=\"\" title=\"oznor\"  itemprop=\"thumbnailUrl\" data-envira-srcset=\"https:\/\/www.stredniskola.com\/wp-content\/uploads\/2019\/10\/3-1024x768-640x480.jpg 400w,https:\/\/www.stredniskola.com\/wp-content\/uploads\/2019\/10\/3-1024x768-640x480.jpg 2x\" data-envira-width=\"300\" data-envira-height=\"225\" srcset=\"data:image\/gif;base64,R0lGODlhAQABAIAAAP\/\/\/\/\/\/\/yH5BAEKAAEALAAAAAABAAEAAAICTAEAOw==\" data-safe-src=\"data:image\/gif;base64,R0lGODlhAQABAIAAAP\/\/\/\/\/\/\/yH5BAEKAAEALAAAAAABAAEAAAICTAEAOw==\" \/><\/a><\/div><\/div><div id=\"envira-gallery-item-1022\" class=\"envira-gallery-item enviratope-item envira-gallery-item-4 envira-lazy-load\" style=\"padding-left: 1px; padding-bottom: 1px; padding-right: 1px;\"  itemscope itemtype=\"https:\/\/schema.org\/ImageObject\"><div class=\"envira-gallery-item-inner\"><div class=\"envira-gallery-position-overlay  envira-gallery-top-left\"><\/div><div class=\"envira-gallery-position-overlay  envira-gallery-top-right\"><\/div><div class=\"envira-gallery-position-overlay  envira-gallery-bottom-left\"><\/div><div class=\"envira-gallery-position-overlay  envira-gallery-bottom-right\"><\/div><a href=\"http:\/\/www.stredniskola.com\/cz\/wp-content\/uploads\/2019\/10\/4.jpg\" class=\"envira-gallery-1018 envira-gallery-link\" rel=\"enviragallery1018\" title=\"smacap_Bright\" data-envira-caption=\"smacap_Bright\" data-envira-retina=\"\" data-thumbnail=\"\"  itemprop=\"contentUrl\"><img id=\"envira-gallery-image-1022\" class=\"envira-gallery-image envira-gallery-image-4 envira-normal envira-lazy\" data-envira-index=\"4\" src=\"https:\/\/www.stredniskola.com\/wp-content\/uploads\/2019\/10\/4-1024x768-640x480.jpg\" data-envira-src=\"https:\/\/www.stredniskola.com\/wp-content\/uploads\/2019\/10\/4-1024x768-640x480.jpg\" data-envira-gallery-id=\"1018\" data-envira-item-id=\"1022\" data-envira-caption=\"smacap_Bright\" alt=\"\" title=\"smacap_Bright\"  itemprop=\"thumbnailUrl\" data-envira-srcset=\"https:\/\/www.stredniskola.com\/wp-content\/uploads\/2019\/10\/4-1024x768-640x480.jpg 400w,https:\/\/www.stredniskola.com\/wp-content\/uploads\/2019\/10\/4-1024x768-640x480.jpg 2x\" data-envira-width=\"300\" data-envira-height=\"225\" srcset=\"data:image\/gif;base64,R0lGODlhAQABAIAAAP\/\/\/\/\/\/\/yH5BAEKAAEALAAAAAABAAEAAAICTAEAOw==\" data-safe-src=\"data:image\/gif;base64,R0lGODlhAQABAIAAAP\/\/\/\/\/\/\/yH5BAEKAAEALAAAAAABAAEAAAICTAEAOw==\" \/><\/a><\/div><\/div><div id=\"envira-gallery-item-1023\" class=\"envira-gallery-item enviratope-item envira-gallery-item-5 envira-lazy-load\" style=\"padding-left: 1px; padding-bottom: 1px; padding-right: 1px;\"  itemscope itemtype=\"https:\/\/schema.org\/ImageObject\"><div class=\"envira-gallery-item-inner\"><div class=\"envira-gallery-position-overlay  envira-gallery-top-left\"><\/div><div class=\"envira-gallery-position-overlay  envira-gallery-top-right\"><\/div><div class=\"envira-gallery-position-overlay  envira-gallery-bottom-left\"><\/div><div class=\"envira-gallery-position-overlay  envira-gallery-bottom-right\"><\/div><a href=\"http:\/\/www.stredniskola.com\/cz\/wp-content\/uploads\/2019\/10\/5.jpg\" class=\"envira-gallery-1018 envira-gallery-link\" rel=\"enviragallery1018\" title=\"smacap_Bright\" data-envira-caption=\"smacap_Bright\" data-envira-retina=\"\" data-thumbnail=\"\"  itemprop=\"contentUrl\"><img id=\"envira-gallery-image-1023\" class=\"envira-gallery-image envira-gallery-image-5 envira-normal envira-lazy\" data-envira-index=\"5\" src=\"https:\/\/www.stredniskola.com\/wp-content\/uploads\/2019\/10\/5-1024x768-640x480.jpg\" data-envira-src=\"https:\/\/www.stredniskola.com\/wp-content\/uploads\/2019\/10\/5-1024x768-640x480.jpg\" data-envira-gallery-id=\"1018\" data-envira-item-id=\"1023\" data-envira-caption=\"smacap_Bright\" alt=\"\" title=\"smacap_Bright\"  itemprop=\"thumbnailUrl\" data-envira-srcset=\"https:\/\/www.stredniskola.com\/wp-content\/uploads\/2019\/10\/5-1024x768-640x480.jpg 400w,https:\/\/www.stredniskola.com\/wp-content\/uploads\/2019\/10\/5-1024x768-640x480.jpg 2x\" data-envira-width=\"300\" data-envira-height=\"225\" srcset=\"data:image\/gif;base64,R0lGODlhAQABAIAAAP\/\/\/\/\/\/\/yH5BAEKAAEALAAAAAABAAEAAAICTAEAOw==\" data-safe-src=\"data:image\/gif;base64,R0lGODlhAQABAIAAAP\/\/\/\/\/\/\/yH5BAEKAAEALAAAAAABAAEAAAICTAEAOw==\" \/><\/a><\/div><\/div><div id=\"envira-gallery-item-1024\" class=\"envira-gallery-item enviratope-item envira-gallery-item-6 envira-lazy-load\" style=\"padding-left: 1px; padding-bottom: 1px; padding-right: 1px;\"  itemscope itemtype=\"https:\/\/schema.org\/ImageObject\"><div class=\"envira-gallery-item-inner\"><div class=\"envira-gallery-position-overlay  envira-gallery-top-left\"><\/div><div class=\"envira-gallery-position-overlay  envira-gallery-top-right\"><\/div><div class=\"envira-gallery-position-overlay  envira-gallery-bottom-left\"><\/div><div class=\"envira-gallery-position-overlay  envira-gallery-bottom-right\"><\/div><a href=\"http:\/\/www.stredniskola.com\/cz\/wp-content\/uploads\/2019\/10\/6.jpg\" class=\"envira-gallery-1018 envira-gallery-link\" rel=\"enviragallery1018\" title=\"smacap_Bright\" data-envira-caption=\"smacap_Bright\" data-envira-retina=\"\" data-thumbnail=\"\"  itemprop=\"contentUrl\"><img id=\"envira-gallery-image-1024\" class=\"envira-gallery-image envira-gallery-image-6 envira-normal envira-lazy\" data-envira-index=\"6\" src=\"https:\/\/www.stredniskola.com\/wp-content\/uploads\/2019\/10\/6-1024x768-640x480.jpg\" data-envira-src=\"https:\/\/www.stredniskola.com\/wp-content\/uploads\/2019\/10\/6-1024x768-640x480.jpg\" data-envira-gallery-id=\"1018\" data-envira-item-id=\"1024\" data-envira-caption=\"smacap_Bright\" alt=\"\" title=\"smacap_Bright\"  itemprop=\"thumbnailUrl\" data-envira-srcset=\"https:\/\/www.stredniskola.com\/wp-content\/uploads\/2019\/10\/6-1024x768-640x480.jpg 400w,https:\/\/www.stredniskola.com\/wp-content\/uploads\/2019\/10\/6-1024x768-640x480.jpg 2x\" data-envira-width=\"300\" data-envira-height=\"225\" srcset=\"data:image\/gif;base64,R0lGODlhAQABAIAAAP\/\/\/\/\/\/\/yH5BAEKAAEALAAAAAABAAEAAAICTAEAOw==\" data-safe-src=\"data:image\/gif;base64,R0lGODlhAQABAIAAAP\/\/\/\/\/\/\/yH5BAEKAAEALAAAAAABAAEAAAICTAEAOw==\" \/><\/a><\/div><\/div><div id=\"envira-gallery-item-1025\" class=\"envira-gallery-item enviratope-item envira-gallery-item-7 envira-lazy-load\" style=\"padding-left: 1px; padding-bottom: 1px; padding-right: 1px;\"  itemscope itemtype=\"https:\/\/schema.org\/ImageObject\"><div class=\"envira-gallery-item-inner\"><div class=\"envira-gallery-position-overlay  envira-gallery-top-left\"><\/div><div class=\"envira-gallery-position-overlay  envira-gallery-top-right\"><\/div><div class=\"envira-gallery-position-overlay  envira-gallery-bottom-left\"><\/div><div class=\"envira-gallery-position-overlay  envira-gallery-bottom-right\"><\/div><a href=\"http:\/\/www.stredniskola.com\/cz\/wp-content\/uploads\/2019\/10\/7.jpg\" class=\"envira-gallery-1018 envira-gallery-link\" rel=\"enviragallery1018\" title=\"smacap_Bright\" data-envira-caption=\"smacap_Bright\" data-envira-retina=\"\" data-thumbnail=\"\"  itemprop=\"contentUrl\"><img id=\"envira-gallery-image-1025\" class=\"envira-gallery-image envira-gallery-image-7 envira-normal envira-lazy\" data-envira-index=\"7\" src=\"https:\/\/www.stredniskola.com\/wp-content\/uploads\/2019\/10\/7-1024x768-640x480.jpg\" data-envira-src=\"https:\/\/www.stredniskola.com\/wp-content\/uploads\/2019\/10\/7-1024x768-640x480.jpg\" data-envira-gallery-id=\"1018\" data-envira-item-id=\"1025\" data-envira-caption=\"smacap_Bright\" alt=\"\" title=\"smacap_Bright\"  itemprop=\"thumbnailUrl\" data-envira-srcset=\"https:\/\/www.stredniskola.com\/wp-content\/uploads\/2019\/10\/7-1024x768-640x480.jpg 400w,https:\/\/www.stredniskola.com\/wp-content\/uploads\/2019\/10\/7-1024x768-640x480.jpg 2x\" data-envira-width=\"300\" data-envira-height=\"225\" srcset=\"data:image\/gif;base64,R0lGODlhAQABAIAAAP\/\/\/\/\/\/\/yH5BAEKAAEALAAAAAABAAEAAAICTAEAOw==\" data-safe-src=\"data:image\/gif;base64,R0lGODlhAQABAIAAAP\/\/\/\/\/\/\/yH5BAEKAAEALAAAAAABAAEAAAICTAEAOw==\" \/><\/a><\/div><\/div><div id=\"envira-gallery-item-1026\" class=\"envira-gallery-item enviratope-item envira-gallery-item-8 envira-lazy-load\" style=\"padding-left: 1px; padding-bottom: 1px; padding-right: 1px;\"  itemscope itemtype=\"https:\/\/schema.org\/ImageObject\"><div class=\"envira-gallery-item-inner\"><div class=\"envira-gallery-position-overlay  envira-gallery-top-left\"><\/div><div class=\"envira-gallery-position-overlay  envira-gallery-top-right\"><\/div><div class=\"envira-gallery-position-overlay  envira-gallery-bottom-left\"><\/div><div class=\"envira-gallery-position-overlay  envira-gallery-bottom-right\"><\/div><a href=\"http:\/\/www.stredniskola.com\/cz\/wp-content\/uploads\/2019\/10\/8.jpg\" class=\"envira-gallery-1018 envira-gallery-link\" rel=\"enviragallery1018\" title=\"smacap_Bright\" data-envira-caption=\"smacap_Bright\" data-envira-retina=\"\" data-thumbnail=\"\"  itemprop=\"contentUrl\"><img id=\"envira-gallery-image-1026\" class=\"envira-gallery-image envira-gallery-image-8 envira-normal envira-lazy\" data-envira-index=\"8\" src=\"https:\/\/www.stredniskola.com\/wp-content\/uploads\/2019\/10\/8-1024x768-640x480.jpg\" data-envira-src=\"https:\/\/www.stredniskola.com\/wp-content\/uploads\/2019\/10\/8-1024x768-640x480.jpg\" data-envira-gallery-id=\"1018\" data-envira-item-id=\"1026\" data-envira-caption=\"smacap_Bright\" alt=\"\" title=\"smacap_Bright\"  itemprop=\"thumbnailUrl\" data-envira-srcset=\"https:\/\/www.stredniskola.com\/wp-content\/uploads\/2019\/10\/8-1024x768-640x480.jpg 400w,https:\/\/www.stredniskola.com\/wp-content\/uploads\/2019\/10\/8-1024x768-640x480.jpg 2x\" data-envira-width=\"300\" data-envira-height=\"225\" srcset=\"data:image\/gif;base64,R0lGODlhAQABAIAAAP\/\/\/\/\/\/\/yH5BAEKAAEALAAAAAABAAEAAAICTAEAOw==\" data-safe-src=\"data:image\/gif;base64,R0lGODlhAQABAIAAAP\/\/\/\/\/\/\/yH5BAEKAAEALAAAAAABAAEAAAICTAEAOw==\" \/><\/a><\/div><\/div><div id=\"envira-gallery-item-1027\" class=\"envira-gallery-item enviratope-item envira-gallery-item-9 envira-lazy-load\" style=\"padding-left: 1px; padding-bottom: 1px; padding-right: 1px;\"  itemscope itemtype=\"https:\/\/schema.org\/ImageObject\"><div class=\"envira-gallery-item-inner\"><div class=\"envira-gallery-position-overlay  envira-gallery-top-left\"><\/div><div class=\"envira-gallery-position-overlay  envira-gallery-top-right\"><\/div><div class=\"envira-gallery-position-overlay  envira-gallery-bottom-left\"><\/div><div class=\"envira-gallery-position-overlay  envira-gallery-bottom-right\"><\/div><a href=\"http:\/\/www.stredniskola.com\/cz\/wp-content\/uploads\/2019\/10\/9.jpg\" class=\"envira-gallery-1018 envira-gallery-link\" rel=\"enviragallery1018\" title=\"smacap_Bright\" data-envira-caption=\"smacap_Bright\" data-envira-retina=\"\" data-thumbnail=\"\"  itemprop=\"contentUrl\"><img id=\"envira-gallery-image-1027\" class=\"envira-gallery-image envira-gallery-image-9 envira-normal envira-lazy\" data-envira-index=\"9\" src=\"https:\/\/www.stredniskola.com\/wp-content\/uploads\/2019\/10\/9-1024x768-640x480.jpg\" data-envira-src=\"https:\/\/www.stredniskola.com\/wp-content\/uploads\/2019\/10\/9-1024x768-640x480.jpg\" data-envira-gallery-id=\"1018\" data-envira-item-id=\"1027\" data-envira-caption=\"smacap_Bright\" alt=\"\" title=\"smacap_Bright\"  itemprop=\"thumbnailUrl\" data-envira-srcset=\"https:\/\/www.stredniskola.com\/wp-content\/uploads\/2019\/10\/9-1024x768-640x480.jpg 400w,https:\/\/www.stredniskola.com\/wp-content\/uploads\/2019\/10\/9-1024x768-640x480.jpg 2x\" data-envira-width=\"300\" data-envira-height=\"225\" srcset=\"data:image\/gif;base64,R0lGODlhAQABAIAAAP\/\/\/\/\/\/\/yH5BAEKAAEALAAAAAABAAEAAAICTAEAOw==\" data-safe-src=\"data:image\/gif;base64,R0lGODlhAQABAIAAAP\/\/\/\/\/\/\/yH5BAEKAAEALAAAAAABAAEAAAICTAEAOw==\" \/><\/a><\/div><\/div><div id=\"envira-gallery-item-1028\" class=\"envira-gallery-item enviratope-item envira-gallery-item-10 envira-lazy-load\" style=\"padding-left: 1px; padding-bottom: 1px; padding-right: 1px;\"  itemscope itemtype=\"https:\/\/schema.org\/ImageObject\"><div class=\"envira-gallery-item-inner\"><div class=\"envira-gallery-position-overlay  envira-gallery-top-left\"><\/div><div class=\"envira-gallery-position-overlay  envira-gallery-top-right\"><\/div><div class=\"envira-gallery-position-overlay  envira-gallery-bottom-left\"><\/div><div class=\"envira-gallery-position-overlay  envira-gallery-bottom-right\"><\/div><a href=\"http:\/\/www.stredniskola.com\/cz\/wp-content\/uploads\/2019\/10\/10.jpg\" class=\"envira-gallery-1018 envira-gallery-link\" rel=\"enviragallery1018\" title=\"smacap_Bright\" data-envira-caption=\"smacap_Bright\" data-envira-retina=\"\" data-thumbnail=\"\"  itemprop=\"contentUrl\"><img id=\"envira-gallery-image-1028\" class=\"envira-gallery-image envira-gallery-image-10 envira-normal envira-lazy\" data-envira-index=\"10\" src=\"https:\/\/www.stredniskola.com\/wp-content\/uploads\/2019\/10\/10-1024x768-640x480.jpg\" data-envira-src=\"https:\/\/www.stredniskola.com\/wp-content\/uploads\/2019\/10\/10-1024x768-640x480.jpg\" data-envira-gallery-id=\"1018\" data-envira-item-id=\"1028\" data-envira-caption=\"smacap_Bright\" alt=\"\" title=\"smacap_Bright\"  itemprop=\"thumbnailUrl\" data-envira-srcset=\"https:\/\/www.stredniskola.com\/wp-content\/uploads\/2019\/10\/10-1024x768-640x480.jpg 400w,https:\/\/www.stredniskola.com\/wp-content\/uploads\/2019\/10\/10-1024x768-640x480.jpg 2x\" data-envira-width=\"300\" data-envira-height=\"225\" srcset=\"data:image\/gif;base64,R0lGODlhAQABAIAAAP\/\/\/\/\/\/\/yH5BAEKAAEALAAAAAABAAEAAAICTAEAOw==\" data-safe-src=\"data:image\/gif;base64,R0lGODlhAQABAIAAAP\/\/\/\/\/\/\/yH5BAEKAAEALAAAAAABAAEAAAICTAEAOw==\" \/><\/a><\/div><\/div><div id=\"envira-gallery-item-1029\" class=\"envira-gallery-item enviratope-item envira-gallery-item-11 envira-lazy-load\" style=\"padding-left: 1px; padding-bottom: 1px; padding-right: 1px;\"  itemscope itemtype=\"https:\/\/schema.org\/ImageObject\"><div class=\"envira-gallery-item-inner\"><div class=\"envira-gallery-position-overlay  envira-gallery-top-left\"><\/div><div class=\"envira-gallery-position-overlay  envira-gallery-top-right\"><\/div><div class=\"envira-gallery-position-overlay  envira-gallery-bottom-left\"><\/div><div class=\"envira-gallery-position-overlay  envira-gallery-bottom-right\"><\/div><a href=\"http:\/\/www.stredniskola.com\/cz\/wp-content\/uploads\/2019\/10\/11.jpg\" class=\"envira-gallery-1018 envira-gallery-link\" rel=\"enviragallery1018\" title=\"smacap_Bright\" data-envira-caption=\"smacap_Bright\" data-envira-retina=\"\" data-thumbnail=\"\"  itemprop=\"contentUrl\"><img id=\"envira-gallery-image-1029\" class=\"envira-gallery-image envira-gallery-image-11 envira-normal envira-lazy\" data-envira-index=\"11\" src=\"https:\/\/www.stredniskola.com\/wp-content\/uploads\/2019\/10\/11-1024x768-640x480.jpg\" data-envira-src=\"https:\/\/www.stredniskola.com\/wp-content\/uploads\/2019\/10\/11-1024x768-640x480.jpg\" data-envira-gallery-id=\"1018\" data-envira-item-id=\"1029\" data-envira-caption=\"smacap_Bright\" alt=\"\" title=\"smacap_Bright\"  itemprop=\"thumbnailUrl\" data-envira-srcset=\"https:\/\/www.stredniskola.com\/wp-content\/uploads\/2019\/10\/11-1024x768-640x480.jpg 400w,https:\/\/www.stredniskola.com\/wp-content\/uploads\/2019\/10\/11-1024x768-640x480.jpg 2x\" data-envira-width=\"300\" data-envira-height=\"225\" srcset=\"data:image\/gif;base64,R0lGODlhAQABAIAAAP\/\/\/\/\/\/\/yH5BAEKAAEALAAAAAABAAEAAAICTAEAOw==\" data-safe-src=\"data:image\/gif;base64,R0lGODlhAQABAIAAAP\/\/\/\/\/\/\/yH5BAEKAAEALAAAAAABAAEAAAICTAEAOw==\" \/><\/a><\/div><\/div><\/div><\/div><noscript><img src=\"https:\/\/www.stredniskola.com\/wp-content\/uploads\/2019\/10\/1-1.jpg\" alt=\"\" \/><img src=\"https:\/\/www.stredniskola.com\/wp-content\/uploads\/2019\/10\/2-1.jpg\" alt=\"\" \/><img src=\"https:\/\/www.stredniskola.com\/wp-content\/uploads\/2019\/10\/3.jpg\" alt=\"\" \/><img src=\"https:\/\/www.stredniskola.com\/wp-content\/uploads\/2019\/10\/4.jpg\" alt=\"\" \/><img src=\"https:\/\/www.stredniskola.com\/wp-content\/uploads\/2019\/10\/5.jpg\" alt=\"\" \/><img src=\"https:\/\/www.stredniskola.com\/wp-content\/uploads\/2019\/10\/6.jpg\" alt=\"\" \/><img src=\"https:\/\/www.stredniskola.com\/wp-content\/uploads\/2019\/10\/7.jpg\" alt=\"\" \/><img src=\"https:\/\/www.stredniskola.com\/wp-content\/uploads\/2019\/10\/8.jpg\" alt=\"\" \/><img src=\"https:\/\/www.stredniskola.com\/wp-content\/uploads\/2019\/10\/9.jpg\" alt=\"\" \/><img src=\"https:\/\/www.stredniskola.com\/wp-content\/uploads\/2019\/10\/10.jpg\" alt=\"\" \/><img src=\"https:\/\/www.stredniskola.com\/wp-content\/uploads\/2019\/10\/11.jpg\" alt=\"\" \/><\/noscript><\/div>\n\n\n\n<p><\/p>\n","protected":false},"excerpt":{"rendered":"<p>V galerii jsou v\u00fdrobky na\u0161ich \u017e\u00e1k\u016f, kter\u00e9 vyu\u017e\u00edv\u00e1me k prezentaci na\u0161\u00ed \u0161koly.<\/p>\n","protected":false},"author":3,"featured_media":0,"parent":0,"menu_order":0,"comment_status":"closed","ping_status":"closed","template":"","meta":[],"_links":{"self":[{"href":"https:\/\/www.stredniskola.com\/index.php\/wp-json\/wp\/v2\/pages\/1008"}],"collection":[{"href":"https:\/\/www.stredniskola.com\/index.php\/wp-json\/wp\/v2\/pages"}],"about":[{"href":"https:\/\/www.stredniskola.com\/index.php\/wp-json\/wp\/v2\/types\/page"}],"author":[{"embeddable":true,"href":"https:\/\/www.stredniskola.com\/index.php\/wp-json\/wp\/v2\/users\/3"}],"replies":[{"embeddable":true,"href":"https:\/\/www.stredniskola.com\/index.php\/wp-json\/wp\/v2\/comments?post=1008"}],"version-history":[{"count":4,"href":"https:\/\/www.stredniskola.com\/index.php\/wp-json\/wp\/v2\/pages\/1008\/revisions"}],"predecessor-version":[{"id":1037,"href":"https:\/\/www.stredniskola.com\/index.php\/wp-json\/wp\/v2\/pages\/1008\/revisions\/1037"}],"wp:attachment":[{"href":"https:\/\/www.stredniskola.com\/index.php\/wp-json\/wp\/v2\/media?parent=1008"}],"curies":[{"name":"wp","href":"https:\/\/api.w.org\/{rel}","templated":true}]}}