{"id":1186,"date":"2019-10-19T20:24:12","date_gmt":"2019-10-19T18:24:12","guid":{"rendered":"http:\/\/www.stredniskola.com\/cz\/?page_id=1186"},"modified":"2025-09-17T20:47:48","modified_gmt":"2025-09-17T18:47:48","slug":"prijimaci-zkousky-nanecisto","status":"publish","type":"page","link":"https:\/\/www.stredniskola.com\/index.php\/prijimaci-zkousky-nanecisto\/","title":{"rendered":"P\u0159ij\u00edmac\u00ed zkou\u0161ky nane\u010disto"},"content":{"rendered":"\n<p class=\"has-light-green-cyan-background-color has-text-color has-background\" style=\"color:#020507\">Pro v\u0161echny z\u00e1jemce o \u010dty\u0159let\u00e9 obory vzd\u011bl\u00e1v\u00e1n\u00ed zakon\u010den\u00e9 maturitou nab\u00edz\u00edme mo\u017enost vyzkou\u0161et si p\u0159ij\u00edmac\u00ed zkou\u0161ky NANE\u010cISTO z \u010desk\u00e9ho jazyka a matematiky. <strong>Zad\u00e1n\u00ed p\u0159iprav\u00ed na z\u00e1klad\u011b ilustra\u010dn\u00edch test\u016f CERMAT na\u0161i zku\u0161en\u00ed vyu\u010duj\u00edc\u00ed.<\/strong> Tyto zkou\u0161ky nejsou na na\u0161\u00ed \u0161kole zpoplatn\u011bny. <br>Vyu\u017eijte mo\u017enost vyzkou\u0161et si testov\u00e9 \u00falohy, podm\u00ednky a pravidla testov\u00e1n\u00ed,&nbsp;sezn\u00e1mit se s prost\u0159ed\u00edm \u0161koly, ov\u011b\u0159it si sv\u00e9 znalosti.<br>Po absolvov\u00e1n\u00ed&nbsp;testy vyhodnot\u00edme a&nbsp;poskytneme zp\u011btnou&nbsp;vazbu (\u017e\u00e1k\u016fm sd\u011bl\u00edme v\u00fdsledky test\u016f, v\u010detn\u011b&nbsp;vysv\u011btlen\u00ed spr\u00e1vn\u00fdch odpov\u011bd\u00ed). <br>Zve\u0159ejn\u011bn\u00ed v\u00fdsledk\u016f bude prob\u00edhat pod eviden\u010dn\u00edm \u010d\u00edslem i za p\u0159\u00edtomnosti rodi\u010d\u016f.<\/p>\n\n\n\n<h2>Term\u00edny &#8211; p\u0159\u00edpravn\u00e9 kurzy i zkou\u0161ky nane\u010disto <\/h2>\n\n\n\n<p class=\"has-vivid-cyan-blue-background-color has-text-color has-background has-medium-font-size\" style=\"color:#0a0a0a\"><strong>19. ledna 2026 &#8211; P\u0159\u00edpravn\u00fd kurz \u010d. 1<br> 2. \u00fanora 2026 &#8211; P\u0159ij\u00edmac\u00ed zkou\u0161ky na ne\u010disto  \u010d. 1<br>16. \u00fanora 2026 &#8211; P\u0159\u00edpravn\u00fd kurz \u010d. 2<br>2. b\u0159ezna 2026 &#8211; P\u0159ij\u00edmac\u00ed zkou\u0161ky na ne\u010disto  \u010d. 2 <br>23. b\u0159ezna 2026 &#8211; P\u0159ij\u00edmac\u00ed zkou\u0161ky na ne\u010disto  \u010d. 3 <\/strong><\/p>\n\n\n\n<h2>Program pro p\u0159\u00edpravn\u00fd kurz i zkou\u0161ky nane\u010disto v\u017edy v u\u010debn\u011b 6<\/h2>\n\n\n\n<p class=\"has-vivid-cyan-blue-background-color has-text-color has-background has-medium-font-size\" style=\"color:#070707\">14.30 \u2013 15.30 hod.&nbsp; &nbsp;&nbsp;&nbsp;&nbsp;&nbsp; test z&nbsp;\u010cJ (60 min.) <br>15.30 \u2013 15.45 hod.&nbsp;&nbsp;&nbsp;&nbsp; &nbsp;&nbsp; p\u0159est\u00e1vka \u2013 ob\u010derstven\u00ed od na\u0161ich kucha\u0159\u016f <br>15.45 \u2013 16.55 hod.&nbsp;&nbsp;&nbsp;&nbsp;&nbsp;&nbsp;&nbsp; test z&nbsp;MAT (70 min.) <br>17:00 \u2013 17:15 hod. &nbsp;&nbsp;&nbsp;&nbsp;&nbsp;&nbsp; zve\u0159ejn\u011bn\u00ed v\u00fdsledk\u016f <\/p>\n\n\n\n<h2>P\u0159ihl\u00e1\u0161en\u00ed na p\u0159\u00edpravn\u00fd kurz i zkou\u0161ky nane\u010disto <\/h2>\n\n\n\n<p><strong> na e-mail:<\/strong> <strong><a href=\"mailto:info@stredniskola.com\">lutnerova.lenka@stredniskola.com<\/a>, <a href=\"reditelka@stredniskola.com\">info@stredniskola.com<\/a><\/strong><br><strong> telefonicky:<\/strong> &nbsp;735&nbsp;163&nbsp;160; 565&nbsp;532&nbsp;160 <\/p>\n\n\n\n<h2>posta\u010d\u00ed nahl\u00e1sit jen jm\u00e9no a p\u0159\u00edjmen\u00ed uchaze\u010de a vybran\u00e9 term\u00edny, na kter\u00e9 se hl\u00e1s\u00ed, b\u0159eznov\u00e9 term\u00edny jsou ji\u017e ur\u010deny pro uchaze\u010de, kte\u0159\u00ed si k n\u00e1m podali p\u0159ihl\u00e1\u0161ku ke studiu<\/h2>\n\n\n\n<h3 class=\"has-vivid-green-cyan-background-color has-background\">T\u011b\u0161\u00edme se na shledanou!<\/h3>\n\n\n\n<div class=\"wp-block-image\"><figure class=\"aligncenter size-large\"><img loading=\"lazy\" width=\"724\" height=\"1024\" src=\"https:\/\/www.stredniskola.com\/wp-content\/uploads\/2025\/09\/LETAK-2026-2-724x1024.png\" alt=\"\" class=\"wp-image-6715\" srcset=\"https:\/\/www.stredniskola.com\/wp-content\/uploads\/2025\/09\/LETAK-2026-2-724x1024.png 724w, https:\/\/www.stredniskola.com\/wp-content\/uploads\/2025\/09\/LETAK-2026-2-212x300.png 212w, https:\/\/www.stredniskola.com\/wp-content\/uploads\/2025\/09\/LETAK-2026-2-768x1086.png 768w, https:\/\/www.stredniskola.com\/wp-content\/uploads\/2025\/09\/LETAK-2026-2-1086x1536.png 1086w, https:\/\/www.stredniskola.com\/wp-content\/uploads\/2025\/09\/LETAK-2026-2-750x1061.png 750w, https:\/\/www.stredniskola.com\/wp-content\/uploads\/2025\/09\/LETAK-2026-2.png 1240w\" sizes=\"(max-width: 724px) 100vw, 724px\" \/><\/figure><\/div>\n","protected":false},"excerpt":{"rendered":"<p>Pro v\u0161echny z\u00e1jemce o \u010dty\u0159let\u00e9 obory vzd\u011bl\u00e1v\u00e1n\u00ed zakon\u010den\u00e9 maturitou nab\u00edz\u00edme mo\u017enost vyzkou\u0161et si p\u0159ij\u00edmac\u00ed zkou\u0161ky NANE\u010cISTO z \u010desk\u00e9ho jazyka a matematiky. Zad\u00e1n\u00ed p\u0159iprav\u00ed na z\u00e1klad\u011b ilustra\u010dn\u00edch test\u016f CERMAT na\u0161i zku\u0161en\u00ed [&hellip;]<\/p>\n","protected":false},"author":3,"featured_media":0,"parent":0,"menu_order":0,"comment_status":"closed","ping_status":"closed","template":"","meta":[],"_links":{"self":[{"href":"https:\/\/www.stredniskola.com\/index.php\/wp-json\/wp\/v2\/pages\/1186"}],"collection":[{"href":"https:\/\/www.stredniskola.com\/index.php\/wp-json\/wp\/v2\/pages"}],"about":[{"href":"https:\/\/www.stredniskola.com\/index.php\/wp-json\/wp\/v2\/types\/page"}],"author":[{"embeddable":true,"href":"https:\/\/www.stredniskola.com\/index.php\/wp-json\/wp\/v2\/users\/3"}],"replies":[{"embeddable":true,"href":"https:\/\/www.stredniskola.com\/index.php\/wp-json\/wp\/v2\/comments?post=1186"}],"version-history":[{"count":20,"href":"https:\/\/www.stredniskola.com\/index.php\/wp-json\/wp\/v2\/pages\/1186\/revisions"}],"predecessor-version":[{"id":6716,"href":"https:\/\/www.stredniskola.com\/index.php\/wp-json\/wp\/v2\/pages\/1186\/revisions\/6716"}],"wp:attachment":[{"href":"https:\/\/www.stredniskola.com\/index.php\/wp-json\/wp\/v2\/media?parent=1186"}],"curies":[{"name":"wp","href":"https:\/\/api.w.org\/{rel}","templated":true}]}}