{"id":223,"date":"2019-05-21T14:44:17","date_gmt":"2019-05-21T12:44:17","guid":{"rendered":"http:\/\/www.stredniskola.com\/cz\/?page_id=223"},"modified":"2026-01-27T16:57:36","modified_gmt":"2026-01-27T15:57:36","slug":"informacni-technologie","status":"publish","type":"page","link":"https:\/\/www.stredniskola.com\/index.php\/obory\/informacni-technologie\/","title":{"rendered":"Informa\u010dn\u00ed technologie"},"content":{"rendered":"\n<h3>k\u00f3d oboru: 18-20-M\/01<\/h3>\n\n\n\n<p><strong>Denn\u00ed studium &#8211; 4 roky &#8211; maturita <\/strong>&nbsp;<\/p>\n\n\n\n<p>Na\u0161\u00edm c\u00edlem je vytv\u00e1\u0159et z\u00e1kladnu budouc\u00edch zam\u011bstnanc\u016f IT spole\u010dnost\u00ed. Obor je ur\u010den pro uchaze\u010de se z\u00e1jmem o:&nbsp;<\/p>\n\n\n\n<ul><li>n\u00e1vrhy a\u00a0realizace HW \u0159e\u0161en\u00ed odpov\u00eddaj\u00edc\u00edch \u00fa\u010delu nasazen\u00ed<\/li><li>\u00fadr\u017ebu prost\u0159edk\u016f IT z\u00a0hlediska HW<\/li><li>programov\u00e1n\u00ed a\u00a0v\u00fdvoj u\u017eivatelsk\u00fdch, datab\u00e1zov\u00fdch a\u00a0webov\u00fdch \u0159e\u0161en\u00ed<\/li><li>instalaci a\u00a0spr\u00e1vu aplika\u010dn\u00edho SW<\/li><li>instalaci a\u00a0spr\u00e1vu OS<\/li><li>n\u00e1vrhy, realizace a\u00a0administrace s\u00edt\u00ed<\/li><li>kvalifikovan\u00fd prodej prost\u0159edk\u016f IT v\u010detn\u011b poradenstv\u00ed<\/li><li>obecnou i\u00a0specializovanou podporu u\u017eivatel\u016f prost\u0159edk\u016f IT<\/li><\/ul>\n\n\n\n<p class=\"has-cyan-bluish-gray-background-color has-background has-medium-font-size\"><a href=\"https:\/\/www.stredniskola.com\/index.php\/2026\/01\/27\/vyhlaseni-prijimaciho-rizeni-na-skolni-rok-2026-2027\/\">Vyhl\u00e1\u0161en\u00ed p\u0159ij\u00edmac\u00edho \u0159\u00edzen\u00ed na \u0161koln\u00ed rok 2026-2027 \u2013 St\u0159edn\u00ed \u0161kola informatiky a cestovn\u00edho ruchu S\u010cMSD Humpolec, s.r.o.<\/a><\/p>\n\n\n\n<figure class=\"wp-block-image size-large\"><img loading=\"lazy\" width=\"1024\" height=\"768\" src=\"https:\/\/www.stredniskola.com\/wp-content\/uploads\/2023\/09\/ucebna-c.9_03-1024x768.jpg\" alt=\"\" class=\"wp-image-4309\" srcset=\"https:\/\/www.stredniskola.com\/wp-content\/uploads\/2023\/09\/ucebna-c.9_03-1024x768.jpg 1024w, https:\/\/www.stredniskola.com\/wp-content\/uploads\/2023\/09\/ucebna-c.9_03-300x225.jpg 300w, https:\/\/www.stredniskola.com\/wp-content\/uploads\/2023\/09\/ucebna-c.9_03-768x576.jpg 768w, https:\/\/www.stredniskola.com\/wp-content\/uploads\/2023\/09\/ucebna-c.9_03-1536x1152.jpg 1536w, https:\/\/www.stredniskola.com\/wp-content\/uploads\/2023\/09\/ucebna-c.9_03-2048x1536.jpg 2048w, https:\/\/www.stredniskola.com\/wp-content\/uploads\/2023\/09\/ucebna-c.9_03-750x563.jpg 750w\" sizes=\"(max-width: 1024px) 100vw, 1024px\" \/><\/figure>\n\n\n\n<p>\u017d\u00e1ci se nau\u010d\u00ed navrhovat a sestavovat po\u010d\u00edta\u010de a udr\u017eovat je v \nprovozu, vyb\u00edrat, instalovat, konfigurovat a spravovat opera\u010dn\u00ed syst\u00e9my a\n dal\u0161\u00ed programy, zabezpe\u010dovat data p\u0159ed jejich zneu\u017eit\u00edm a chr\u00e1nit je \np\u0159ed zni\u010den\u00edm, podporovat u\u017eivatele p\u0159i pr\u00e1ci s v\u00fdpo\u010detn\u00ed technikou, \nnavrhovat, sestavovat a konfigurovat po\u010d\u00edta\u010dov\u00e9 s\u00edt\u011b a administrovat je,\n spravovat datab\u00e1ze, vytv\u00e1\u0159et po\u010d\u00edta\u010dov\u00e9 programy a webov\u00e9 str\u00e1nky.<\/p>\n\n\n\n<p>P\u0159i v\u0161ech \u010dinnostech se \u017e\u00e1ci sezn\u00e1m\u00ed se z\u00e1sadami bezpe\u010dnosti a \nochrany zdrav\u00ed p\u0159i pr\u00e1ci a hygieny pr\u00e1ce. Z\u00edskaj\u00ed i n\u00e1vyk zva\u017eovat p\u0159i \npl\u00e1nov\u00e1n\u00ed, posuzov\u00e1n\u00ed a vykon\u00e1v\u00e1n\u00ed \u010dinnost\u00ed efektivitu vynalo\u017een\u00fdch \nn\u00e1klad\u016f.<\/p>\n\n\n\n<figure class=\"wp-block-image size-large\"><img loading=\"lazy\" width=\"1024\" height=\"682\" src=\"https:\/\/www.stredniskola.com\/wp-content\/uploads\/2019\/12\/DSC_3532_M-1024x682.jpg\" alt=\"\" class=\"wp-image-1365\" srcset=\"https:\/\/www.stredniskola.com\/wp-content\/uploads\/2019\/12\/DSC_3532_M-1024x682.jpg 1024w, https:\/\/www.stredniskola.com\/wp-content\/uploads\/2019\/12\/DSC_3532_M-300x200.jpg 300w, https:\/\/www.stredniskola.com\/wp-content\/uploads\/2019\/12\/DSC_3532_M-768x512.jpg 768w, https:\/\/www.stredniskola.com\/wp-content\/uploads\/2019\/12\/DSC_3532_M-750x500.jpg 750w, https:\/\/www.stredniskola.com\/wp-content\/uploads\/2019\/12\/DSC_3532_M.jpg 1400w\" sizes=\"(max-width: 1024px) 100vw, 1024px\" \/><\/figure>\n\n\n\n<p><strong>P\u0158EDNOSTI <\/strong><strong>VZD\u011aL\u00c1VAC\u00cdHO PROGRAMU<\/strong><\/p>\n\n\n\n<ul><li>v\u00fdznamn\u00e1 \u010d\u00e1st v\u00fduky zam\u011b\u0159ena na IT<\/li><li>vysoce nadstandardn\u00ed vybaven\u00ed v\u00fdpo\u010detn\u00ed technikou<\/li><li>zapojen\u00ed do projektu Azure Dev Tool for Teaching &#8211; studenti z\u00edskaj\u00ed zdarma v\u00fdukov\u00e9 softwarov\u00e9 licence<\/li><li>d\u016fraz na v\u00fduku anglick\u00e9ho jazyka<\/li><li>zku\u0161en\u00ed pedagogov\u00e9<\/li><li>individu\u00e1ln\u00ed p\u0159\u00edstup ke student\u016fm<\/li><li>obor s vysoce nadpr\u016fm\u011brn\u00fdmi p\u0159\u00edjmy a velkou popt\u00e1vkou na trhu pr\u00e1ce<\/li><li>\u0161iroce pou\u017eiteln\u00e9 znalosti a dovednosti<\/li><li>v\u00fdborn\u00e1 p\u0159\u00edprava na budouc\u00ed zam\u011bstn\u00e1n\u00ed i na dal\u0161\u00ed studium<\/li><\/ul>\n\n\n\n<p><strong>UPLATN\u011aN\u00cd ABSOLVENT\u016e<\/strong><\/p>\n\n\n\n<p>Absolventi jsou kvalifikovan\u00ed techni\u010dt\u00ed pracovn\u00edci, kte\u0159\u00ed se mohou \nuplatnit jako technici prost\u0159edk\u016f v\u00fdpo\u010detn\u00ed techniky, pracovn\u00edci \nu\u017eivatelsk\u00e9 podpory, program\u00e1to\u0159i, spr\u00e1vci aplikac\u00ed, spr\u00e1vci opera\u010dn\u00edch \nsyst\u00e9m\u016f, spr\u00e1vci po\u010d\u00edta\u010dov\u00fdch s\u00edt\u00ed, obchodn\u00edci s prost\u0159edky informa\u010dn\u00edch\n technologi\u00ed nebo jako technik v&nbsp;oblasti hromadn\u00e9ho zpracov\u00e1n\u00ed dat i ve \nstudi\u00edch DTP<\/p>\n\n\n\n<p>Absolventi mohou pokra\u010dovat ve studiu na vy\u0161\u0161\u00edch odborn\u00fdch \u0161kol\u00e1ch \nnebo vysok\u00fdch \u0161kol\u00e1ch, obvykle pokra\u010duj\u00ed ve studiu v oborech informatiky\n a v\u00fdpo\u010detn\u00ed techniky, \u010dasto v\u0161ak tak\u00e9 v oborech elektrotechnick\u00fdch, \nnebo i v oborech ekonomick\u00fdch.<\/p>\n\n\n\n<div class=\"wp-block-image\"><figure class=\"aligncenter size-full\"><img loading=\"lazy\" width=\"231\" height=\"119\" src=\"https:\/\/www.stredniskola.com\/wp-content\/uploads\/2024\/11\/IT-barevne\u0301@3x-MALY.png\" alt=\"\" class=\"wp-image-5952\"\/><\/figure><\/div>\n\n\n\n<h3>STUDIJN\u00cd PL\u00c1N od 2025<\/h3>\n\n\n\n<figure class=\"wp-block-table is-style-stripes\"><table><tbody><tr><td><strong>N\u00e1zev p\u0159edm\u011btu<\/strong><\/td><td><strong>1. ro\u010d.<\/strong><\/td><td><strong>2. ro\u010d.<\/strong><\/td><td><strong>3. ro\u010d.<\/strong><\/td><td><strong>4. ro\u010d.<\/strong><\/td><\/tr><tr><td>\u010cesk\u00fd jazyk a literatura<\/td><td>3<\/td><td>3<\/td><td>3<\/td><td>4<\/td><\/tr><tr><td>Anglick\u00fd jazyk<\/td><td>4<\/td><td>3<\/td><td>3<\/td><td>3<\/td><\/tr><tr><td>N\u011bmeck\u00fd jazyk<\/td><td>2<\/td><td>2<\/td><td>2<\/td><td>1<\/td><\/tr><tr><td>Technick\u00e1 angli\u010dtina <\/td><td>0<\/td><td>0<\/td><td>1<\/td><td>1<\/td><\/tr><tr><td>D\u011bjepis<\/td><td>2<\/td><td>0<\/td><td>0<\/td><td>0<\/td><\/tr><tr><td>Spole\u010densk\u00e9 v\u011bdy<\/td><td>0<\/td><td>1<\/td><td>1<\/td><td>1<\/td><\/tr><tr><td>Matematika<\/td><td>3<\/td><td>3<\/td><td>3<\/td><td>3<\/td><\/tr><tr><td>Z\u00e1klady p\u0159\u00edrodn\u00edch v\u011bd<\/td><td>2<\/td><td>1<\/td><td>1<\/td><td>0<\/td><\/tr><tr><td>Elektrotechnika<\/td><td>2<\/td><td>2<\/td><td>0<\/td><td>0<\/td><\/tr><tr><td>Semin\u00e1\u0159<\/td><td>0<\/td><td>0<\/td><td>2<\/td><td>2<\/td><\/tr><tr><td>T\u011blesn\u00e1 v\u00fdchova<\/td><td>2<\/td><td>2<\/td><td>2<\/td><td>2<\/td><\/tr><tr><td>Ekonomika<\/td><td>2<\/td><td>2<\/td><td>1<\/td><td>1<\/td><\/tr><tr><td>Fiktivn\u00ed firma<\/td><td>0<\/td><td>1<\/td><td>2<\/td><td>2<\/td><\/tr><tr><td>P\u00eds. a elektronick\u00e1 komunikace<\/td><td>1<\/td><td>0<\/td><td>0<\/td><td>0<\/td><\/tr><tr><td>V\u00fdpo\u010detn\u00ed technika<\/td><td>1<\/td><td>1<\/td><td>0<\/td><td>0<\/td><\/tr><tr><td>Po\u010d\u00edta\u010dov\u00e9 syst\u00e9my a s\u00edt\u011b<\/td><td>0<\/td><td>2<\/td><td>2<\/td><td>2<\/td><\/tr><tr><td>Programov\u00e1n\u00ed C++<\/td><td>2<\/td><td>0<\/td><td>0<\/td><td>0<\/td><\/tr><tr><td> Programov\u00e1n\u00ed vestavn\u00e9 moduly<\/td><td>0<\/td><td>2<\/td><td>0<\/td><td>0<\/td><\/tr><tr><td> Programov\u00e1n\u00ed objektov\u00e9<\/td><td>0<\/td><td>0<\/td><td>2<\/td><td>0<\/td><\/tr><tr><td> Programov\u00e1n\u00ed dot-net<\/td><td>0<\/td><td>0<\/td><td>0<\/td><td>2<\/td><\/tr><tr><td>Tvorba www<\/td><td>2<\/td><td>2<\/td><td>2<\/td><td>0<\/td><\/tr><tr><td>Aplika\u010dn\u00ed programy<\/td><td>2<\/td><td>2<\/td><td>2<\/td><td>0<\/td><\/tr><tr><td>Po\u010d\u00edta\u010dov\u00e1 grafika<\/td><td>2<\/td><td>2<\/td><td>0<\/td><td>0<\/td><\/tr><tr><td>Multim\u00e9dia<\/td><td>0<\/td><td>1<\/td><td>0<\/td><td>0<\/td><\/tr><tr><td>Linux<\/td><td>0<\/td><td>0<\/td><td>2<\/td><td>0<\/td><\/tr><tr><td>Datab\u00e1ze<\/td><td>0<\/td><td>0<\/td><td>1<\/td><td>2<\/td><\/tr><tr><td>3D modelov\u00e1n\u00ed a animace<\/td><td>0<\/td><td>0<\/td><td>0<\/td><td>2<\/td><\/tr><tr><td>Mobiln\u00ed aplikace<\/td><td>0<\/td><td>0<\/td><td>0<\/td><td>2<\/td><\/tr><tr><td>Tvorba projekt\u016f<\/td><td>0<\/td><td>0<\/td><td>0<\/td><td>2<\/td><\/tr><\/tbody><\/table><\/figure>\n","protected":false},"excerpt":{"rendered":"<p>k\u00f3d oboru: 18-20-M\/01 Denn\u00ed studium &#8211; 4 roky &#8211; maturita &nbsp; Na\u0161\u00edm c\u00edlem je vytv\u00e1\u0159et z\u00e1kladnu budouc\u00edch zam\u011bstnanc\u016f IT spole\u010dnost\u00ed. Obor je ur\u010den pro uchaze\u010de se z\u00e1jmem o:&nbsp; n\u00e1vrhy a\u00a0realizace [&hellip;]<\/p>\n","protected":false},"author":1,"featured_media":0,"parent":221,"menu_order":0,"comment_status":"closed","ping_status":"closed","template":"","meta":[],"_links":{"self":[{"href":"https:\/\/www.stredniskola.com\/index.php\/wp-json\/wp\/v2\/pages\/223"}],"collection":[{"href":"https:\/\/www.stredniskola.com\/index.php\/wp-json\/wp\/v2\/pages"}],"about":[{"href":"https:\/\/www.stredniskola.com\/index.php\/wp-json\/wp\/v2\/types\/page"}],"author":[{"embeddable":true,"href":"https:\/\/www.stredniskola.com\/index.php\/wp-json\/wp\/v2\/users\/1"}],"replies":[{"embeddable":true,"href":"https:\/\/www.stredniskola.com\/index.php\/wp-json\/wp\/v2\/comments?post=223"}],"version-history":[{"count":18,"href":"https:\/\/www.stredniskola.com\/index.php\/wp-json\/wp\/v2\/pages\/223\/revisions"}],"predecessor-version":[{"id":7114,"href":"https:\/\/www.stredniskola.com\/index.php\/wp-json\/wp\/v2\/pages\/223\/revisions\/7114"}],"up":[{"embeddable":true,"href":"https:\/\/www.stredniskola.com\/index.php\/wp-json\/wp\/v2\/pages\/221"}],"wp:attachment":[{"href":"https:\/\/www.stredniskola.com\/index.php\/wp-json\/wp\/v2\/media?parent=223"}],"curies":[{"name":"wp","href":"https:\/\/api.w.org\/{rel}","templated":true}]}}