{"id":235,"date":"2019-05-21T14:50:27","date_gmt":"2019-05-21T12:50:27","guid":{"rendered":"http:\/\/www.stredniskola.com\/cz\/?page_id=235"},"modified":"2021-08-21T17:01:27","modified_gmt":"2021-08-21T15:01:27","slug":"ucebni-obory","status":"publish","type":"page","link":"https:\/\/www.stredniskola.com\/index.php\/ucebni-obory\/","title":{"rendered":"U\u010debn\u00ed obory"},"content":{"rendered":"\n<figure class=\"wp-block-table is-style-stripes\"><table><tbody><tr><td>34-53-H\/01<\/td><td><a href=\"https:\/\/www.stredniskola.com\/index.php\/ucebni-obory\/reprodukcni-grafik\/\">REPRODUK\u010cN\u00cd GRAFIK<\/a><\/td><td>denn\u00ed studium, 3 roky<\/td><\/tr><tr><td>65-51-H\/01<\/td><td><a href=\"https:\/\/www.stredniskola.com\/index.php\/ucebni-obory\/kuchar-cisnik\/\">KUCHA\u0158 &#8211; \u010c\u00cd\u0160N\u00cdK<\/a><\/td><td>denn\u00ed studium, 3 roky<\/td><\/tr><tr><td>66-51-H\/01<\/td><td><a href=\"https:\/\/www.stredniskola.com\/index.php\/ucebni-obory\/prodavac\/\">PRODAVA\u010c<\/a><\/td><td>denn\u00ed studium, 3 roky<\/td><\/tr><tr><td>26-59-H\/01 <\/td><td><a href=\"https:\/\/www.stredniskola.com\/index.php\/mechanik-digitalnich-siti\/\">MECHANIK DIGIT\u00c1LN\u00cdCH S\u00cdT\u00cd<\/a><\/td><td>denn\u00ed studium, 3 roky<\/td><\/tr><\/tbody><\/table><\/figure>\n\n\n\n<p><\/p>\n","protected":false},"excerpt":{"rendered":"<p>34-53-H\/01 REPRODUK\u010cN\u00cd GRAFIK denn\u00ed studium, 3 roky 65-51-H\/01 KUCHA\u0158 &#8211; \u010c\u00cd\u0160N\u00cdK denn\u00ed studium, 3 roky 66-51-H\/01 PRODAVA\u010c denn\u00ed studium, 3 roky 26-59-H\/01 MECHANIK DIGIT\u00c1LN\u00cdCH S\u00cdT\u00cd denn\u00ed studium, 3 roky<\/p>\n","protected":false},"author":1,"featured_media":0,"parent":0,"menu_order":0,"comment_status":"closed","ping_status":"closed","template":"","meta":[],"_links":{"self":[{"href":"https:\/\/www.stredniskola.com\/index.php\/wp-json\/wp\/v2\/pages\/235"}],"collection":[{"href":"https:\/\/www.stredniskola.com\/index.php\/wp-json\/wp\/v2\/pages"}],"about":[{"href":"https:\/\/www.stredniskola.com\/index.php\/wp-json\/wp\/v2\/types\/page"}],"author":[{"embeddable":true,"href":"https:\/\/www.stredniskola.com\/index.php\/wp-json\/wp\/v2\/users\/1"}],"replies":[{"embeddable":true,"href":"https:\/\/www.stredniskola.com\/index.php\/wp-json\/wp\/v2\/comments?post=235"}],"version-history":[{"count":4,"href":"https:\/\/www.stredniskola.com\/index.php\/wp-json\/wp\/v2\/pages\/235\/revisions"}],"predecessor-version":[{"id":2457,"href":"https:\/\/www.stredniskola.com\/index.php\/wp-json\/wp\/v2\/pages\/235\/revisions\/2457"}],"wp:attachment":[{"href":"https:\/\/www.stredniskola.com\/index.php\/wp-json\/wp\/v2\/media?parent=235"}],"curies":[{"name":"wp","href":"https:\/\/api.w.org\/{rel}","templated":true}]}}