{"id":236,"date":"2019-05-21T14:50:28","date_gmt":"2019-05-21T12:50:28","guid":{"rendered":"http:\/\/www.stredniskola.com\/cz\/?page_id=236"},"modified":"2026-01-27T16:58:01","modified_gmt":"2026-01-27T15:58:01","slug":"kuchar-cisnik","status":"publish","type":"page","link":"https:\/\/www.stredniskola.com\/index.php\/ucebni-obory\/kuchar-cisnik\/","title":{"rendered":"Kucha\u0159 &#8211; \u010d\u00ed\u0161n\u00edk"},"content":{"rendered":"\n<h3>k\u00f3d oboru: <strong>65-51-H\/01<\/strong><\/h3>\n\n\n\n<p><strong>Denn\u00ed studium &#8211; 3 roky &#8211; v\u00fdu\u010dn\u00ed list<\/strong><\/p>\n\n\n\n<p>P\u0159edpokladem pro p\u0159ijet\u00ed ke studiu je spln\u011bn\u00ed povinn\u00e9 \u0161koln\u00ed doch\u00e1zky. Dan\u00fd obor umo\u017e\u0148uje z\u00edsk\u00e1n\u00ed v\u0161eobecn\u00fdch a odborn\u00fdch v\u011bdomost\u00ed i manu\u00e1ln\u00edch dovednost\u00ed k profesion\u00e1ln\u00edmu v\u00fdkonu povol\u00e1n\u00ed\u00a0kucha\u0159 \u2013 kucha\u0159ka, \u010d\u00ed\u0161n\u00edk, serv\u00edrka.<\/p>\n\n\n\n<p class=\"has-cyan-bluish-gray-background-color has-background has-medium-font-size\"><a href=\"https:\/\/www.stredniskola.com\/index.php\/2026\/01\/27\/vyhlaseni-prijimaciho-rizeni-na-skolni-rok-2026-2027\/\">Vyhl\u00e1\u0161en\u00ed p\u0159ij\u00edmac\u00edho \u0159\u00edzen\u00ed na \u0161koln\u00ed rok 2026-2027 \u2013 St\u0159edn\u00ed \u0161kola informatiky a cestovn\u00edho ruchu S\u010cMSD Humpolec, s.r.o.<\/a><\/p>\n\n\n\n<p>Realizace odborn\u00e9ho v\u00fdcviku ve \u0161koln\u00ed odborn\u00e9 u\u010debn\u011b:<\/p>\n\n\n\n<figure class=\"wp-block-image size-large\"><img loading=\"lazy\" width=\"1024\" height=\"768\" src=\"https:\/\/www.stredniskola.com\/wp-content\/uploads\/2023\/09\/8-1024x768.jpg\" alt=\"\" class=\"wp-image-4311\" srcset=\"https:\/\/www.stredniskola.com\/wp-content\/uploads\/2023\/09\/8-1024x768.jpg 1024w, https:\/\/www.stredniskola.com\/wp-content\/uploads\/2023\/09\/8-300x225.jpg 300w, https:\/\/www.stredniskola.com\/wp-content\/uploads\/2023\/09\/8-768x576.jpg 768w, https:\/\/www.stredniskola.com\/wp-content\/uploads\/2023\/09\/8-1536x1152.jpg 1536w, https:\/\/www.stredniskola.com\/wp-content\/uploads\/2023\/09\/8-2048x1536.jpg 2048w, https:\/\/www.stredniskola.com\/wp-content\/uploads\/2023\/09\/8-750x563.jpg 750w\" sizes=\"(max-width: 1024px) 100vw, 1024px\" \/><\/figure>\n\n\n\n<p>B\u011bhem studia budou m\u00edt studenti mo\u017enost roz\u0161\u00ed\u0159it sv\u00e9 znalosti a dovednosti absolvov\u00e1n\u00edm barmansk\u00e9ho kurzu a kurzu studen\u00e9 kuchyn\u011b, po jeho\u017e absolvov\u00e1n\u00ed obdr\u017e\u00ed&nbsp;osv\u011bd\u010den\u00ed Asociace barman\u016f a kucha\u0159\u016f \u010cR.<\/p>\n\n\n\n<p>\u00dasp\u011b\u0161n\u00fdm ukon\u010den\u00edm dos\u00e1hne absolvent st\u0159edn\u00edho odborn\u00e9ho vzd\u011bl\u00e1n\u00ed a z\u00edsk\u00e1 v\u00fdu\u010dn\u00ed list.<\/p>\n\n\n\n<p>B\u011bhem studia budou m\u00edt studenti mo\u017enost roz\u0161\u00ed\u0159it sv\u00e9 znalosti a dovednosti absolvov\u00e1n\u00edm barmansk\u00e9ho kurzu, baristi<strong>ck\u00e9ho kurzu, kurzu studen\u00e9 kuchyn\u011b, kurzu carvingu, po jejich\u017e absolvov\u00e1n\u00ed obdr\u017e\u00ed&nbsp;osv\u011bd\u010den\u00ed Asociace barman\u016f a kucha\u0159\u016f \u010cR.<\/strong><\/p>\n\n\n\n<p>Uk\u00e1zka z praktick\u00e9 z\u00e1v\u011bre\u010dn\u00e9 zkou\u0161ky:<\/p>\n\n\n\n<figure class=\"wp-block-image\"><img loading=\"lazy\" width=\"1024\" height=\"683\" src=\"https:\/\/www.stredniskola.com\/cz\/wp-content\/uploads\/2019\/12\/kuch1-1024x683.jpg\" alt=\"\" class=\"wp-image-1353\" srcset=\"https:\/\/www.stredniskola.com\/wp-content\/uploads\/2019\/12\/kuch1-1024x683.jpg 1024w, https:\/\/www.stredniskola.com\/wp-content\/uploads\/2019\/12\/kuch1-300x200.jpg 300w, https:\/\/www.stredniskola.com\/wp-content\/uploads\/2019\/12\/kuch1-768x512.jpg 768w, https:\/\/www.stredniskola.com\/wp-content\/uploads\/2019\/12\/kuch1-750x500.jpg 750w, https:\/\/www.stredniskola.com\/wp-content\/uploads\/2019\/12\/kuch1.jpg 1500w\" sizes=\"(max-width: 1024px) 100vw, 1024px\" \/><figcaption>p\u0159\u00edprava slavnostn\u00ed tabule dle zad\u00e1n\u00ed<\/figcaption><\/figure>\n\n\n\n<p><strong>Absolvent<\/strong>&nbsp;ovl\u00e1d\u00e1 p\u0159\u00edpravu b\u011b\u017en\u00fdch a technologicky n\u00e1ro\u010dn\u00fdch j\u00eddel tepl\u00e9 i studen\u00e9 kuchyn\u011b. Um\u00ed esteticky upravovat j\u00eddla a n\u00e1poje k pod\u00e1v\u00e1n\u00ed, ovl\u00e1d\u00e1 r\u016fzn\u00e9 zp\u016fsoby uchov\u00e1n\u00ed hotov\u00fdch j\u00eddel a n\u00e1poj\u016f. M\u00e1 osvojeny z\u00e1klady spr\u00e1vn\u00e9 v\u00fd\u017eivy v\u0161ech v\u011bkov\u00fdch skupin a dietn\u00edho stravov\u00e1n\u00ed.<\/p>\n\n\n\n<figure class=\"wp-block-image\"><img loading=\"lazy\" width=\"1024\" height=\"683\" src=\"https:\/\/www.stredniskola.com\/cz\/wp-content\/uploads\/2019\/12\/kuch2-1024x683.jpg\" alt=\"\" class=\"wp-image-1354\" srcset=\"https:\/\/www.stredniskola.com\/wp-content\/uploads\/2019\/12\/kuch2-1024x683.jpg 1024w, https:\/\/www.stredniskola.com\/wp-content\/uploads\/2019\/12\/kuch2-300x200.jpg 300w, https:\/\/www.stredniskola.com\/wp-content\/uploads\/2019\/12\/kuch2-768x512.jpg 768w, https:\/\/www.stredniskola.com\/wp-content\/uploads\/2019\/12\/kuch2-750x500.jpg 750w, https:\/\/www.stredniskola.com\/wp-content\/uploads\/2019\/12\/kuch2.jpg 1500w\" sizes=\"(max-width: 1024px) 100vw, 1024px\" \/><figcaption>flambov\u00e1n\u00ed pala\u010dinek<\/figcaption><\/figure>\n\n\n\n<div class=\"wp-block-image\"><figure class=\"aligncenter size-full\"><img loading=\"lazy\" width=\"221\" height=\"216\" src=\"https:\/\/www.stredniskola.com\/wp-content\/uploads\/2024\/11\/KC\u030c-barevne\u0301@3x-maly.png\" alt=\"\" class=\"wp-image-5940\"\/><\/figure><\/div>\n\n\n\n<figure class=\"wp-block-table\"><table><tbody><tr><td>U\u010cEBN\u00cd PL\u00c1N<\/td><\/tr><tr><td>N\u00e1zev p\u0159edm\u011btu<\/td><td>1.ro\u010dn\u00edk<br>(hodin t\u00fddn\u011b)<\/td><td>2.ro\u010dn\u00edk<br>(hodin t\u00fddn\u011b)<\/td><td>3.ro\u010dn\u00edk<br>(hodin t\u00fddn\u011b)<\/td><\/tr><tr><td>\u010cesk\u00fd jazyk a literatura<\/td><td>2<\/td><td>2<\/td><td>1<\/td><\/tr><tr><td>Prvn\u00ed ciz\u00ed jazyk<\/td><td>2<\/td><td>2<\/td><td>2<\/td><\/tr><tr><td>Druh\u00fd ciz\u00ed jazyk<\/td><td>&#8211;<\/td><td>1<\/td><td>1<\/td><\/tr><tr><td>Ob\u010dansk\u00e1 nauka<\/td><td>1<\/td><td>1<\/td><td>1<\/td><\/tr><tr><td>Matematika<\/td><td>1<\/td><td>1<\/td><td>2<\/td><\/tr><tr><td>Z\u00e1klady p\u0159\u00edrodn\u00edch v\u011bd<\/td><td>2<\/td><td>1<\/td><td>1<\/td><\/tr><tr><td>T\u011blesn\u00e1 v\u00fdchova<\/td><td>1<\/td><td>1<\/td><td>1<\/td><\/tr><tr><td>Ekonomika<\/td><td>1<\/td><td>1<\/td><td>1<\/td><\/tr><tr><td>Potraviny a v\u00fd\u017eiva<\/td><td>1<\/td><td>1<\/td><td>1<\/td><\/tr><tr><td>Stolni\u010den\u00ed<\/td><td>1<\/td><td>1<\/td><td>1<\/td><\/tr><tr><td>Za\u0159\u00edzen\u00ed provozoven<\/td><td>1<\/td><td>1<\/td><td>1<\/td><\/tr><tr><td>Technologie<\/td><td>2<\/td><td>2<\/td><td>2<\/td><\/tr><tr><td>Informa\u010dn\u00ed a komunika\u010dn\u00ed technologie<\/td><td>2<\/td><td>1<\/td><td>1<\/td><\/tr><tr><td>Psychologie<\/td><td>&#8211;<\/td><td>&#8211;<\/td><td>1<\/td><\/tr><tr><td>Da\u0148ov\u00e1 evidence<\/td><td>&#8211;<\/td><td>1<\/td><td>1<\/td><\/tr><tr><td>Korespondence<\/td><td>&#8211;<\/td><td>1<\/td><td>&#8211;<\/td><\/tr><tr><td>Odborn\u00fd v\u00fdcvik<\/td><td>15<\/td><td>14<\/td><td>14<\/td><\/tr><\/tbody><\/table><\/figure>\n\n\n\n<figure class=\"wp-block-image\"><img loading=\"lazy\" width=\"1024\" height=\"682\" src=\"https:\/\/www.stredniskola.com\/cz\/wp-content\/uploads\/2019\/12\/DSC_3481_M-1024x682.jpg\" alt=\"\" class=\"wp-image-1356\" srcset=\"https:\/\/www.stredniskola.com\/wp-content\/uploads\/2019\/12\/DSC_3481_M-1024x682.jpg 1024w, https:\/\/www.stredniskola.com\/wp-content\/uploads\/2019\/12\/DSC_3481_M-300x200.jpg 300w, https:\/\/www.stredniskola.com\/wp-content\/uploads\/2019\/12\/DSC_3481_M-768x512.jpg 768w, https:\/\/www.stredniskola.com\/wp-content\/uploads\/2019\/12\/DSC_3481_M-750x500.jpg 750w, https:\/\/www.stredniskola.com\/wp-content\/uploads\/2019\/12\/DSC_3481_M.jpg 1400w\" sizes=\"(max-width: 1024px) 100vw, 1024px\" \/><figcaption>v\u00fduka stolni\u010den\u00ed<\/figcaption><\/figure>\n\n\n\n<figure class=\"wp-block-image size-large\"><img loading=\"lazy\" width=\"1024\" height=\"768\" src=\"https:\/\/www.stredniskola.com\/wp-content\/uploads\/2023\/09\/9-1024x768.jpg\" alt=\"\" class=\"wp-image-4313\" srcset=\"https:\/\/www.stredniskola.com\/wp-content\/uploads\/2023\/09\/9-1024x768.jpg 1024w, https:\/\/www.stredniskola.com\/wp-content\/uploads\/2023\/09\/9-300x225.jpg 300w, https:\/\/www.stredniskola.com\/wp-content\/uploads\/2023\/09\/9-768x576.jpg 768w, https:\/\/www.stredniskola.com\/wp-content\/uploads\/2023\/09\/9-1536x1152.jpg 1536w, https:\/\/www.stredniskola.com\/wp-content\/uploads\/2023\/09\/9-2048x1536.jpg 2048w, https:\/\/www.stredniskola.com\/wp-content\/uploads\/2023\/09\/9-750x563.jpg 750w\" sizes=\"(max-width: 1024px) 100vw, 1024px\" \/><\/figure>\n","protected":false},"excerpt":{"rendered":"<p>k\u00f3d oboru: 65-51-H\/01 Denn\u00ed studium &#8211; 3 roky &#8211; v\u00fdu\u010dn\u00ed list P\u0159edpokladem pro p\u0159ijet\u00ed ke studiu je spln\u011bn\u00ed povinn\u00e9 \u0161koln\u00ed doch\u00e1zky. Dan\u00fd obor umo\u017e\u0148uje z\u00edsk\u00e1n\u00ed v\u0161eobecn\u00fdch a odborn\u00fdch v\u011bdomost\u00ed i [&hellip;]<\/p>\n","protected":false},"author":1,"featured_media":0,"parent":235,"menu_order":0,"comment_status":"closed","ping_status":"closed","template":"","meta":[],"_links":{"self":[{"href":"https:\/\/www.stredniskola.com\/index.php\/wp-json\/wp\/v2\/pages\/236"}],"collection":[{"href":"https:\/\/www.stredniskola.com\/index.php\/wp-json\/wp\/v2\/pages"}],"about":[{"href":"https:\/\/www.stredniskola.com\/index.php\/wp-json\/wp\/v2\/types\/page"}],"author":[{"embeddable":true,"href":"https:\/\/www.stredniskola.com\/index.php\/wp-json\/wp\/v2\/users\/1"}],"replies":[{"embeddable":true,"href":"https:\/\/www.stredniskola.com\/index.php\/wp-json\/wp\/v2\/comments?post=236"}],"version-history":[{"count":6,"href":"https:\/\/www.stredniskola.com\/index.php\/wp-json\/wp\/v2\/pages\/236\/revisions"}],"predecessor-version":[{"id":7115,"href":"https:\/\/www.stredniskola.com\/index.php\/wp-json\/wp\/v2\/pages\/236\/revisions\/7115"}],"up":[{"embeddable":true,"href":"https:\/\/www.stredniskola.com\/index.php\/wp-json\/wp\/v2\/pages\/235"}],"wp:attachment":[{"href":"https:\/\/www.stredniskola.com\/index.php\/wp-json\/wp\/v2\/media?parent=236"}],"curies":[{"name":"wp","href":"https:\/\/api.w.org\/{rel}","templated":true}]}}