{"id":239,"date":"2019-05-21T14:50:29","date_gmt":"2019-05-21T12:50:29","guid":{"rendered":"http:\/\/www.stredniskola.com\/cz\/?page_id=239"},"modified":"2025-09-18T11:12:58","modified_gmt":"2025-09-18T09:12:58","slug":"vzdelavani-dospelych","status":"publish","type":"page","link":"https:\/\/www.stredniskola.com\/index.php\/vzdelavani-dospelych\/","title":{"rendered":"Vzd\u011bl\u00e1v\u00e1n\u00ed dosp\u011bl\u00fdch"},"content":{"rendered":"\n<p>Distan\u010dn\u00ed a kombinovan\u00e9 studium umo\u017e\u0148uje studovat osob\u00e1m, kter\u00e9 se nemohou \u00fa\u010dastnit v\u00fduky kv\u016fli pln\u00e9 zam\u011bstnanosti nebo velk\u00e9 vzd\u00e1lenosti od s\u00eddla vzd\u011bl\u00e1vac\u00ed instituce. Aktu\u00e1ln\u00ed a efektivn\u00ed technologickou pom\u016fckou je e-learning. E-learning je zalo\u017een\u00fd na samostudiu, kdy k tomuto \u00fa\u010delu ka\u017ed\u00fd studuj\u00edc\u00ed v na\u0161\u00ed \u0161kole obdr\u017e\u00ed speci\u00e1ln\u011b p\u0159ipraven\u00e9 studijn\u00ed materi\u00e1ly.<\/p>\n\n\n\n<ul><li>odpad\u00e1 tak slo\u017eit\u00e9 sh\u00e1n\u011bn\u00ed studijn\u00edch materi\u00e1l\u016f a skript<\/li><li>studijn\u00ed bal\u00ed\u010dek je sou\u010d\u00e1st\u00ed komplexn\u00edho vzd\u011bl\u00e1vac\u00edho servisu \u0161koly<\/li><\/ul>\n\n\n\n<figure class=\"wp-block-table is-style-stripes\"><table><tbody><tr><td>75-31-M\/01<\/td><td><a href=\"https:\/\/www.stredniskola.com\/index.php\/vzdelavani-dospelych\/predskolni-a-mimoskolni-pedagogika\/\">P\u0158ED\u0160KOLN\u00cd A MIMO\u0160KOLN\u00cd PEDAGOGIKA<\/a><\/td><td>kombinovan\u00e1 forma, 2roky<\/td><\/tr><tr><td>75-31-M\/02<\/td><td><a href=\"https:\/\/www.stredniskola.com\/index.php\/vzdelavani-dospelych\/pedagogika-pro-asistenty-ve-skolstvi\/\">PEDAGOGIKA PRO ASISTENTA VE \u0160KOLSTV\u00cd<\/a><br> ve \u0161koln\u00edm roce 2026\/2027 nebudeme otv\u00edrat <\/td><td>kombinovan\u00e1 forma, 2roky <\/td><\/tr><tr><td>66-41-L\/01<\/td><td><a href=\"https:\/\/www.stredniskola.com\/index.php\/vzdelavani-dospelych\/obchodnik\/\">OBCHODN\u00cdK <\/a><br>ve \u0161koln\u00edm roce 2026\/2027 nebudeme otv\u00edrat<\/td><td>distan\u010dn\u00ed forma, 4 roky<\/td><\/tr><tr><td>64-41-L\/51<\/td><td><a href=\"https:\/\/www.stredniskola.com\/index.php\/vzdelavani-dospelych\/podnikani\/\">PODNIK\u00c1N\u00cd<\/a><br> ve \u0161koln\u00edm roce 2026\/2027 nebudeme otv\u00edrat <\/td><td>distan\u010dn\u00ed forma, 2 roky<\/td><\/tr><\/tbody><\/table><\/figure>\n","protected":false},"excerpt":{"rendered":"<p>Distan\u010dn\u00ed a kombinovan\u00e9 studium umo\u017e\u0148uje studovat osob\u00e1m, kter\u00e9 se nemohou \u00fa\u010dastnit v\u00fduky kv\u016fli pln\u00e9 zam\u011bstnanosti nebo velk\u00e9 vzd\u00e1lenosti od s\u00eddla vzd\u011bl\u00e1vac\u00ed instituce. Aktu\u00e1ln\u00ed a efektivn\u00ed technologickou pom\u016fckou je e-learning. E-learning [&hellip;]<\/p>\n","protected":false},"author":1,"featured_media":0,"parent":0,"menu_order":0,"comment_status":"closed","ping_status":"closed","template":"","meta":[],"_links":{"self":[{"href":"https:\/\/www.stredniskola.com\/index.php\/wp-json\/wp\/v2\/pages\/239"}],"collection":[{"href":"https:\/\/www.stredniskola.com\/index.php\/wp-json\/wp\/v2\/pages"}],"about":[{"href":"https:\/\/www.stredniskola.com\/index.php\/wp-json\/wp\/v2\/types\/page"}],"author":[{"embeddable":true,"href":"https:\/\/www.stredniskola.com\/index.php\/wp-json\/wp\/v2\/users\/1"}],"replies":[{"embeddable":true,"href":"https:\/\/www.stredniskola.com\/index.php\/wp-json\/wp\/v2\/comments?post=239"}],"version-history":[{"count":11,"href":"https:\/\/www.stredniskola.com\/index.php\/wp-json\/wp\/v2\/pages\/239\/revisions"}],"predecessor-version":[{"id":6719,"href":"https:\/\/www.stredniskola.com\/index.php\/wp-json\/wp\/v2\/pages\/239\/revisions\/6719"}],"wp:attachment":[{"href":"https:\/\/www.stredniskola.com\/index.php\/wp-json\/wp\/v2\/media?parent=239"}],"curies":[{"name":"wp","href":"https:\/\/api.w.org\/{rel}","templated":true}]}}