{"id":243,"date":"2019-05-21T14:50:30","date_gmt":"2019-05-21T12:50:30","guid":{"rendered":"http:\/\/www.stredniskola.com\/cz\/?page_id=243"},"modified":"2024-09-29T10:23:00","modified_gmt":"2024-09-29T08:23:00","slug":"obchodnik","status":"publish","type":"page","link":"https:\/\/www.stredniskola.com\/index.php\/vzdelavani-dospelych\/obchodnik\/","title":{"rendered":"Obchodn\u00edk distan\u010dn\u00ed"},"content":{"rendered":"\n<h3><strong>k\u00f3d oboru 66-41-L\/01<\/strong><\/h3>\n\n\n\n<p class=\"has-white-color has-vivid-red-background-color has-text-color has-background has-medium-font-size\"><strong>Z d\u016fvodu napln\u011bn\u00e9 kapacity \u0161koly toto studium v distan\u010dn\u00ed form\u011b nebudeme ve \u0161koln\u00edm roce 25\/26 otev\u00edrat. P\u0159ihl\u00e1\u0161ky pros\u00edm nepos\u00edlejte. D\u011bkujeme za pochopen\u00ed.<\/strong> <\/p>\n\n\n\n<p><strong>studium distan\u010dn\u00ed &#8211; 4 roky &#8211; maturita &#8211; 10 konzultac\u00ed za \u0161koln\u00ed rok (od z\u00e1\u0159\u00ed do \u010dervna).<\/strong><\/p>\n\n\n\n<p>Dal\u0161\u00ed informace jsou k dispozici v sekci \u201e<a href=\"https:\/\/www.stredniskola.com\/index.php\/uredni-deska\/\">O \u0161kole &#8211; v\u0161eobecn\u00e9 informace&nbsp;<\/a>\u201c<\/p>\n\n\n\n<p>Absolvent studijn\u00edho oboru obchodn\u00edk je st\u0159edo\u0161kolsky vzd\u011blan\u00fd pracovn\u00edk se v\u0161eobecn\u00fdm i odborn\u00fdm vzd\u011bl\u00e1n\u00edm. M\u00e1 p\u0159edpoklady pro to, aby po zapracov\u00e1n\u00ed a z\u00edsk\u00e1n\u00ed pot\u0159ebn\u00fdch zku\u0161enost\u00ed vykon\u00e1val p\u0159edev\u0161\u00edm organiza\u010dn\u00ed funkce v\u010detn\u011b samostatn\u00e9ho \u0159\u00edzen\u00ed obchodn\u00edch \u010dinnost\u00ed. Ovl\u00e1d\u00e1 obchodn\u011b administrativn\u00ed, ekonomick\u00e9, podnikatelsk\u00e9 a marketingov\u00e9 \u010dinnosti. Zn\u00e1 oborovou legislativu.<\/p>\n\n\n\n<figure class=\"wp-block-table\"><table><tbody><tr><td><strong>STUDIJN\u00cd PL\u00c1N<\/strong><\/td><\/tr><tr><td><strong>N\u00e1zev p\u0159edm\u011btu<\/strong><\/td><td><strong>1.ro\u010dn\u00edk<\/strong><\/td><td><strong>2.ro\u010dn\u00edk<\/strong><\/td><td><strong>3.ro\u010dn\u00edk<\/strong><\/td><td><strong>4.ro\u010dn\u00edk<\/strong><\/td><\/tr><tr><td>\u010cesk\u00fd jazyk a literatura<\/td><td>X<\/td><td>X<\/td><td>X<\/td><td>X<\/td><\/tr><tr><td>Prvn\u00ed ciz\u00ed jazyk<\/td><td>X<\/td><td>X<\/td><td>X<\/td><td>X<\/td><\/tr><tr><td>Druh\u00fd ciz\u00ed jazyk<\/td><td>X<\/td><td>X<\/td><td>X<\/td><td>X<\/td><\/tr><tr><td>Z\u00e1klady spole\u010densk\u00fdch v\u011bd<\/td><td>&#8211;<\/td><td>X<\/td><td>X<\/td><td>X<\/td><\/tr><tr><td>D\u011bjepis<\/td><td>X<\/td><td>&#8211;<\/td><td>&#8211;<\/td><td>&#8211;<\/td><\/tr><tr><td>Matematika<\/td><td>X<\/td><td>X<\/td><td>X<\/td><td>X<\/td><\/tr><tr><td>Z\u00e1klady p\u0159\u00edrodn\u00edch v\u011bd<\/td><td>X<\/td><td>X<\/td><td>X<\/td><td>&#8211;<\/td><\/tr><tr><td>Ekonomika<\/td><td>X<\/td><td>X<\/td><td>X<\/td><td>X<\/td><\/tr><tr><td>Obchodn\u00ed provoz a logistika<\/td><td>X<\/td><td>X<\/td><td>X<\/td><td>&#8211;<\/td><\/tr><tr><td>Marketing<\/td><td>&#8211;<\/td><td>&#8211;<\/td><td>&#8211;<\/td><td>X<\/td><\/tr><tr><td>Management jakosti<\/td><td>X<\/td><td>X<\/td><td>X<\/td><td>X<\/td><\/tr><tr><td>Obchodn\u00ed korespondence<\/td><td>X<\/td><td>X<\/td><td>&#8211;<\/td><td>&#8211;<\/td><\/tr><tr><td>\u00da\u010detnictv\u00ed<\/td><td>&#8211;<\/td><td>X<\/td><td>X<\/td><td>X<\/td><\/tr><tr><td>Informa\u010dn\u00ed a komunika\u010dn\u00ed technologie<\/td><td>X<\/td><td>X<\/td><td>X<\/td><td>X<\/td><\/tr><tr><td>Aplikovan\u00e1 psychologie<\/td><td>&#8211;<\/td><td>X<\/td><td>&#8211;<\/td><td>&#8211;<\/td><\/tr><tr><td>Pr\u00e1vn\u00ed nauka<\/td><td>&#8211;<\/td><td>&#8211;<\/td><td>&#8211;<\/td><td>X<\/td><\/tr><tr><td>Struktura obchodn\u00edho sortimentu<\/td><td>X<\/td><td>X<\/td><td>X<\/td><td>X<\/td><\/tr><tr><td>Odborn\u00fd v\u00fdcvik<\/td><td>X<\/td><td>X<\/td><td>X<\/td><td>X<\/td><\/tr><\/tbody><\/table><\/figure>\n","protected":false},"excerpt":{"rendered":"<p>k\u00f3d oboru 66-41-L\/01 Z d\u016fvodu napln\u011bn\u00e9 kapacity \u0161koly toto studium v distan\u010dn\u00ed form\u011b nebudeme ve \u0161koln\u00edm roce 25\/26 otev\u00edrat. P\u0159ihl\u00e1\u0161ky pros\u00edm nepos\u00edlejte. D\u011bkujeme za pochopen\u00ed. studium distan\u010dn\u00ed &#8211; 4 roky [&hellip;]<\/p>\n","protected":false},"author":1,"featured_media":0,"parent":239,"menu_order":0,"comment_status":"closed","ping_status":"closed","template":"","meta":[],"_links":{"self":[{"href":"https:\/\/www.stredniskola.com\/index.php\/wp-json\/wp\/v2\/pages\/243"}],"collection":[{"href":"https:\/\/www.stredniskola.com\/index.php\/wp-json\/wp\/v2\/pages"}],"about":[{"href":"https:\/\/www.stredniskola.com\/index.php\/wp-json\/wp\/v2\/types\/page"}],"author":[{"embeddable":true,"href":"https:\/\/www.stredniskola.com\/index.php\/wp-json\/wp\/v2\/users\/1"}],"replies":[{"embeddable":true,"href":"https:\/\/www.stredniskola.com\/index.php\/wp-json\/wp\/v2\/comments?post=243"}],"version-history":[{"count":13,"href":"https:\/\/www.stredniskola.com\/index.php\/wp-json\/wp\/v2\/pages\/243\/revisions"}],"predecessor-version":[{"id":5635,"href":"https:\/\/www.stredniskola.com\/index.php\/wp-json\/wp\/v2\/pages\/243\/revisions\/5635"}],"up":[{"embeddable":true,"href":"https:\/\/www.stredniskola.com\/index.php\/wp-json\/wp\/v2\/pages\/239"}],"wp:attachment":[{"href":"https:\/\/www.stredniskola.com\/index.php\/wp-json\/wp\/v2\/media?parent=243"}],"curies":[{"name":"wp","href":"https:\/\/api.w.org\/{rel}","templated":true}]}}