{"id":244,"date":"2019-05-21T14:50:30","date_gmt":"2019-05-21T12:50:30","guid":{"rendered":"http:\/\/www.stredniskola.com\/cz\/?page_id=244"},"modified":"2024-09-29T10:24:11","modified_gmt":"2024-09-29T08:24:11","slug":"podnikani","status":"publish","type":"page","link":"https:\/\/www.stredniskola.com\/index.php\/vzdelavani-dospelych\/podnikani\/","title":{"rendered":"Podnik\u00e1n\u00ed"},"content":{"rendered":"\n<h3><strong>k\u00f3d oboru: 64-41-L\/51<\/strong><\/h3>\n\n\n\n<p><strong>Distan\u010dn\u00ed&nbsp;studium &#8211; 2 roky &#8211; maturita<\/strong><\/p>\n\n\n\n<p>Absolventi jsou p\u0159ipraveni pro dr\u00e1hu podnikatele, majitele firmy \u010di spole\u010dnosti. Z\u00edsk\u00e1vaj\u00ed znalosti p\u0159ev\u00e1\u017en\u011b z oblasti ekonomick\u00e9 a administrativn\u00ed, ale zvy\u0161uj\u00ed si z\u00e1rove\u0148 ji\u017e z\u00edskan\u00e9ho vzd\u011bl\u00e1n\u00ed. D\u016fraz je kladen i na zv\u00fd\u0161en\u00ed jazykov\u011b komunikativn\u00edch dovednost\u00ed.<\/p>\n\n\n\n<p class=\"has-pale-pink-background-color has-background has-large-font-size\"><strong>Z d\u016fvodu napln\u011bn\u00e9 kapacity \u0161koly n\u00e1stavbov\u00e9 studium v distan\u010dn\u00ed ani denn\u00ed form\u011b nebudeme ve \u0161koln\u00edm roce 25\/26 otev\u00edrat. P\u0159ihl\u00e1\u0161ky pros\u00edm nepos\u00edlejte. D\u011bkujeme za pochopen\u00ed.<\/strong><\/p>\n\n\n\n<p>Typick\u00fdmi \u010dinnostmi, kter\u00fdmi se absolventi studijn\u00edho oboru budou zab\u00fdvat, jsou \u010dinnosti spojen\u00e9 s n\u00e1kupem, v\u00fdrobou a prodejem, \u010dinnosti zabezpe\u010duj\u00edc\u00ed finan\u010dn\u00ed hospoda\u0159en\u00ed firmy \u010di spole\u010dnosti, jako je nap\u0159. \u00fa\u010detnictv\u00ed, cenov\u00e1 tvorba, da\u0148ov\u00e1 agenda, d\u00e1le \u010dinnosti spojen\u00e9 se z\u00edsk\u00e1v\u00e1n\u00edm a vyu\u017e\u00edv\u00e1n\u00edm informac\u00ed a jejich po\u010d\u00edta\u010dov\u00fdm zpracov\u00e1n\u00edm.<\/p>\n\n\n\n<p>Ned\u00edlnou sou\u010d\u00e1st\u00ed odborn\u00e9ho vzd\u011bl\u00e1v\u00e1n\u00ed je i znalost z\u00e1kon\u016f a pr\u00e1vn\u00edch p\u0159edpis\u016f pot\u0159ebn\u00fdch pro hospod\u00e1\u0159sko-podnikatelskou \u010dinnost. <\/p>\n\n\n\n<p><strong>Studentem n\u00e1stavbov\u00e9ho studia se m\u016f\u017ee st\u00e1t uchaze\u010d, kter\u00fd vlastn\u00ed v\u00fdu\u010dn\u00ed list.<\/strong> <\/p>\n\n\n\n<p><strong>\u0160koln\u00e9 pro tento obor je 12 000 K\u010d. Je mo\u017en\u00e9 platit \u010dtvrtletn\u011b nebo pololetn\u011b. <\/strong><\/p>\n\n\n\n<p>V\u00fduka v distan\u010dn\u00ed form\u011b prob\u00edh\u00e1 formou sobotn\u00edch konzultac\u00ed jednou za m\u011bs\u00edc a dal\u0161\u00ed \u010d\u00e1st v\u00fduky prob\u00edh\u00e1 samostudiem v e-learningov\u00e9m prost\u0159ed\u00ed Moodle. Zde maj\u00ed studenti k dispozici v\u00fdukov\u00e9 materi\u00e1ly, vzorov\u00e9 p\u0159\u00edklady nebo cvi\u010dn\u00e9 testy. Z jednotliv\u00fdch p\u0159edm\u011bt\u016f pak studenti vykon\u00e1vaj\u00ed \u010dtvrtletn\u00ed zkou\u0161ky po dohod\u011b s vyu\u010duj\u00edc\u00edm v term\u00ednu, kter\u00fd vyhovuje ob\u011bma stran\u00e1m. <\/p>\n\n\n\n<figure class=\"wp-block-table\"><table><tbody><tr><td>STUDIJN\u00cd PL\u00c1N<\/td><\/tr><tr><td>N\u00e1zev p\u0159edm\u011btu<\/td><td>1.ro\u010dn\u00edk<br>(hodin t\u00fddn\u011b)<\/td><td>2.ro\u010dn\u00edk<br>(hodin t\u00fddn\u011b)<\/td><\/tr><tr><td>\u010cesk\u00fd jazyk a literatura<\/td><td>X<\/td><td>X<\/td><\/tr><tr><td>Ciz\u00ed jazyk<\/td><td>X<\/td><td>X<\/td><\/tr><tr><td>Z\u00e1klady spole\u010densk\u00fdch v\u011bd<\/td><td>X<\/td><td>X<\/td><\/tr><tr><td>Matematika<\/td><td>X<\/td><td>X<\/td><\/tr><tr><td>Ekonomika podniku<\/td><td>X<\/td><td>X<\/td><\/tr><tr><td>Marketing a management<\/td><td>&#8211;<\/td><td>X<\/td><\/tr><tr><td>Obchodn\u00ed korespondence<\/td><td>X<\/td><td>X<\/td><\/tr><tr><td>\u00da\u010detnictv\u00ed<\/td><td>X<\/td><td>X<\/td><\/tr><tr><td>Informa\u010dn\u00ed a komunika\u010dn\u00ed technologie<\/td><td>X<\/td><td>X<\/td><\/tr><tr><td>Aplikovan\u00e1 psychologie<\/td><td>X<\/td><td>&#8211;<\/td><\/tr><tr><td>Pr\u00e1vo<\/td><td>X<\/td><td>X<\/td><\/tr><tr><td>Fiktivn\u00ed firma<\/td><td>X<\/td><td>&#8211;<\/td><\/tr><tr><td>U\u010debn\u00ed praxe<\/td><td>&#8211;<\/td><td>X<\/td><\/tr><\/tbody><\/table><\/figure>\n","protected":false},"excerpt":{"rendered":"<p>k\u00f3d oboru: 64-41-L\/51 Distan\u010dn\u00ed&nbsp;studium &#8211; 2 roky &#8211; maturita Absolventi jsou p\u0159ipraveni pro dr\u00e1hu podnikatele, majitele firmy \u010di spole\u010dnosti. Z\u00edsk\u00e1vaj\u00ed znalosti p\u0159ev\u00e1\u017en\u011b z oblasti ekonomick\u00e9 a administrativn\u00ed, ale zvy\u0161uj\u00ed si [&hellip;]<\/p>\n","protected":false},"author":1,"featured_media":0,"parent":239,"menu_order":0,"comment_status":"closed","ping_status":"closed","template":"","meta":[],"_links":{"self":[{"href":"https:\/\/www.stredniskola.com\/index.php\/wp-json\/wp\/v2\/pages\/244"}],"collection":[{"href":"https:\/\/www.stredniskola.com\/index.php\/wp-json\/wp\/v2\/pages"}],"about":[{"href":"https:\/\/www.stredniskola.com\/index.php\/wp-json\/wp\/v2\/types\/page"}],"author":[{"embeddable":true,"href":"https:\/\/www.stredniskola.com\/index.php\/wp-json\/wp\/v2\/users\/1"}],"replies":[{"embeddable":true,"href":"https:\/\/www.stredniskola.com\/index.php\/wp-json\/wp\/v2\/comments?post=244"}],"version-history":[{"count":20,"href":"https:\/\/www.stredniskola.com\/index.php\/wp-json\/wp\/v2\/pages\/244\/revisions"}],"predecessor-version":[{"id":5637,"href":"https:\/\/www.stredniskola.com\/index.php\/wp-json\/wp\/v2\/pages\/244\/revisions\/5637"}],"up":[{"embeddable":true,"href":"https:\/\/www.stredniskola.com\/index.php\/wp-json\/wp\/v2\/pages\/239"}],"wp:attachment":[{"href":"https:\/\/www.stredniskola.com\/index.php\/wp-json\/wp\/v2\/media?parent=244"}],"curies":[{"name":"wp","href":"https:\/\/api.w.org\/{rel}","templated":true}]}}