{"id":2942,"date":"2022-01-10T08:25:53","date_gmt":"2022-01-10T07:25:53","guid":{"rendered":"https:\/\/www.stredniskola.com\/?page_id=2942"},"modified":"2025-08-17T17:23:19","modified_gmt":"2025-08-17T15:23:19","slug":"rozvrhy-a-suplovani","status":"publish","type":"page","link":"https:\/\/www.stredniskola.com\/index.php\/rozvrhy-a-suplovani\/","title":{"rendered":"Rozvrhy a suplov\u00e1n\u00ed"},"content":{"rendered":"\n<h2 class=\"has-white-color has-pale-cyan-blue-background-color has-text-color has-background\">Aktu\u00e1ln\u00ed rozvrhy<\/h2>\n\n\n<style type=\"text\/css\">\r\n       .errordiv { padding:10px; margin:10px; border: 1px solid #555555;color: #000000;background-color: #f8f8f8; width:500px; }#advanced_iframe {visibility:visible;opacity:1;vertical-align:top;}.ai-info-bottom-iframe { position: fixed; z-index: 10000; bottom:0; left: 0; margin: 0px; text-align: center; width: 100%; background-color: #ff9999; padding-left: 5px;padding-bottom: 5px; border-top: 1px solid #aaa } a.ai-bold {font-weight: bold;}#ai-layer-div-advanced_iframe p {height:100%;margin:0;padding:0}<\/style><script type=\"text\/javascript\">var ai_iframe_width_advanced_iframe = 0;var ai_iframe_height_advanced_iframe = 0;function aiReceiveMessageadvanced_iframe(event) {  aiProcessMessage(event,\"advanced_iframe\", \"true\");}if (window.addEventListener) {  window.addEventListener(\"message\", aiReceiveMessageadvanced_iframe);} else if (el.attachEvent)  {  el.attachEvent(\"message\", aiReceiveMessageadvanced_iframe);}var aiIsIe8=false;var aiOnloadScrollTop=\"true\";var aiShowDebug=false;\r\n\t\tif (typeof aiReadyCallbacks === 'undefined') {\r\n\t\t\tvar aiReadyCallbacks = [];  \r\n\t\t} else if (!(aiReadyCallbacks instanceof Array)) {\r\n\t\t\tvar aiReadyCallbacks = [];\r\n\t\t}    function aiShowIframeId(id_iframe) { jQuery(\"#\"+id_iframe).css(\"visibility\", \"visible\");    }    function aiResizeIframeHeight(height) { aiResizeIframeHeight(height,advanced_iframe); }    function aiResizeIframeHeightId(height,width,id) {aiResizeIframeHeightById(id,height);}<\/script><iframe loading=\"lazy\" id=\"advanced_iframe\"  name=\"advanced_iframe\"  src=\"https:\/\/bakalari.stredniskola.com\/timetable\/public\"  width=\"100%\"  height=\"600\"  frameborder=\"0\"  allowtransparency=\"true\"  style=\";width:100%;height:600px;\" ><\/iframe><script type=\"text\/javascript\">var ifrm_advanced_iframe = document.getElementById(\"advanced_iframe\");var hiddenTabsDoneadvanced_iframe = false;\r\nfunction resizeCallbackadvanced_iframe() {}<\/script><script type=\"text\/javascript\"><\/script>\n\n\n<h2 class=\"has-white-color has-pale-cyan-blue-background-color has-text-color has-background\">Suplov\u00e1n\u00ed<\/h2>\n\n\n<style type=\"text\/css\">\r\n       .errordiv { padding:10px; margin:10px; border: 1px solid #555555;color: #000000;background-color: #f8f8f8; width:500px; }#advanced_iframe_2 {visibility:visible;opacity:1;vertical-align:top;}.ai-info-bottom-iframe { position: fixed; z-index: 10000; bottom:0; left: 0; margin: 0px; text-align: center; width: 100%; background-color: #ff9999; padding-left: 5px;padding-bottom: 5px; border-top: 1px solid #aaa } a.ai-bold {font-weight: bold;}#ai-layer-div-advanced_iframe_2 p {height:100%;margin:0;padding:0}<\/style><script type=\"text\/javascript\">var ai_iframe_width_advanced_iframe_2 = 0;var ai_iframe_height_advanced_iframe_2 = 0;function aiReceiveMessageadvanced_iframe_2(event) {  aiProcessMessage(event,\"advanced_iframe_2\", \"true\");}if (window.addEventListener) {  window.addEventListener(\"message\", aiReceiveMessageadvanced_iframe_2);} else if (el.attachEvent)  {  el.attachEvent(\"message\", aiReceiveMessageadvanced_iframe_2);}var aiIsIe8=false;var aiOnloadScrollTop=\"true\";var aiShowDebug=false;\r\n\t\tif (typeof aiReadyCallbacks === 'undefined') {\r\n\t\t\tvar aiReadyCallbacks = [];  \r\n\t\t} else if (!(aiReadyCallbacks instanceof Array)) {\r\n\t\t\tvar aiReadyCallbacks = [];\r\n\t\t}    function aiShowIframeId(id_iframe) { jQuery(\"#\"+id_iframe).css(\"visibility\", \"visible\");    }    function aiResizeIframeHeight(height) { aiResizeIframeHeight(height,advanced_iframe_2); }    function aiResizeIframeHeightId(height,width,id) {aiResizeIframeHeightById(id,height);}<\/script><iframe loading=\"lazy\" id=\"advanced_iframe_2\"  name=\"advanced_iframe_2\"  src=\"https:\/\/bakalari.stredniskola.com\/next\/zmeny.aspx\"  width=\"100%\"  height=\"600\"  frameborder=\"0\"  allowtransparency=\"true\"  style=\";width:100%;height:600px;\" ><\/iframe><script type=\"text\/javascript\">var ifrm_advanced_iframe_2 = document.getElementById(\"advanced_iframe_2\");var hiddenTabsDoneadvanced_iframe_2 = false;\r\nfunction resizeCallbackadvanced_iframe_2() {}<\/script><script type=\"text\/javascript\"><\/script>\n\n\n<h2 class=\"has-white-color has-pale-cyan-blue-background-color has-text-color has-background\">St\u00e1l\u00e9 rozvrhy t\u0159\u00edd<\/h2>\n\n\n\n<div class=\"wp-block-file\"><a href=\"https:\/\/www.stredniskola.com\/wp-content\/uploads\/2025\/08\/25_26-IT.pdf\">INFORMA\u010cN\u00cd TECHNOLOGIE 25_26<\/a><a href=\"https:\/\/www.stredniskola.com\/wp-content\/uploads\/2025\/08\/25_26-IT.pdf\" class=\"wp-block-file__button\" download>St\u00e1hnout<\/a><\/div>\n\n\n\n<div class=\"wp-block-file\"><a href=\"https:\/\/www.stredniskola.com\/wp-content\/uploads\/2025\/08\/25_26-O.pdf\">OBCHODN\u00cdK 25_26<\/a><a href=\"https:\/\/www.stredniskola.com\/wp-content\/uploads\/2025\/08\/25_26-O.pdf\" class=\"wp-block-file__button\" download>St\u00e1hnout<\/a><\/div>\n\n\n\n<div class=\"wp-block-file\"><a href=\"https:\/\/www.stredniskola.com\/wp-content\/uploads\/2025\/08\/25_26-DS.pdf\">MECHANIK DIGIT\u00c1LN\u00cdCH S\u00cdT\u00cd 25_26<\/a><a href=\"https:\/\/www.stredniskola.com\/wp-content\/uploads\/2025\/08\/25_26-DS.pdf\" class=\"wp-block-file__button\" download>St\u00e1hnout<\/a><\/div>\n\n\n\n<div class=\"wp-block-file\"><a href=\"https:\/\/www.stredniskola.com\/wp-content\/uploads\/2025\/08\/25_26-RG.pdf\">REPRODUK\u010cN\u00cd GRAFIK 25_26<\/a><a href=\"https:\/\/www.stredniskola.com\/wp-content\/uploads\/2025\/08\/25_26-RG.pdf\" class=\"wp-block-file__button\" download>St\u00e1hnout<\/a><\/div>\n\n\n\n<div class=\"wp-block-file\"><a href=\"https:\/\/www.stredniskola.com\/wp-content\/uploads\/2025\/08\/25_26-K.pdf\">KUCHA\u0158 &#8211; \u010c\u00cd\u0160N\u00cdK 25_26<\/a><a href=\"https:\/\/www.stredniskola.com\/wp-content\/uploads\/2025\/08\/25_26-K.pdf\" class=\"wp-block-file__button\" download>St\u00e1hnout<\/a><\/div>\n\n\n\n<p><strong>Kombinovan\u00e9 studium &#8211; P\u0159ed\u0161koln\u00ed a mimo\u0161koln\u00ed pedagogika &#8211; rozvrhy sobotn\u00edch konzultac\u00ed jsou um\u00edst\u011bny v Moodle.<\/strong><\/p>\n","protected":false},"excerpt":{"rendered":"<p>Aktu\u00e1ln\u00ed rozvrhy Suplov\u00e1n\u00ed St\u00e1l\u00e9 rozvrhy t\u0159\u00edd Kombinovan\u00e9 studium &#8211; P\u0159ed\u0161koln\u00ed a mimo\u0161koln\u00ed pedagogika &#8211; rozvrhy sobotn\u00edch konzultac\u00ed jsou um\u00edst\u011bny v Moodle.<\/p>\n","protected":false},"author":1,"featured_media":0,"parent":0,"menu_order":0,"comment_status":"closed","ping_status":"closed","template":"","meta":[],"_links":{"self":[{"href":"https:\/\/www.stredniskola.com\/index.php\/wp-json\/wp\/v2\/pages\/2942"}],"collection":[{"href":"https:\/\/www.stredniskola.com\/index.php\/wp-json\/wp\/v2\/pages"}],"about":[{"href":"https:\/\/www.stredniskola.com\/index.php\/wp-json\/wp\/v2\/types\/page"}],"author":[{"embeddable":true,"href":"https:\/\/www.stredniskola.com\/index.php\/wp-json\/wp\/v2\/users\/1"}],"replies":[{"embeddable":true,"href":"https:\/\/www.stredniskola.com\/index.php\/wp-json\/wp\/v2\/comments?post=2942"}],"version-history":[{"count":8,"href":"https:\/\/www.stredniskola.com\/index.php\/wp-json\/wp\/v2\/pages\/2942\/revisions"}],"predecessor-version":[{"id":6532,"href":"https:\/\/www.stredniskola.com\/index.php\/wp-json\/wp\/v2\/pages\/2942\/revisions\/6532"}],"wp:attachment":[{"href":"https:\/\/www.stredniskola.com\/index.php\/wp-json\/wp\/v2\/media?parent=2942"}],"curies":[{"name":"wp","href":"https:\/\/api.w.org\/{rel}","templated":true}]}}