{"id":362,"date":"2019-05-22T12:06:00","date_gmt":"2019-05-22T10:06:00","guid":{"rendered":"http:\/\/www.stredniskola.com\/cz\/?page_id=362"},"modified":"2025-10-13T09:08:29","modified_gmt":"2025-10-13T07:08:29","slug":"skolne-a-stipendia","status":"publish","type":"page","link":"https:\/\/www.stredniskola.com\/index.php\/skolne-a-stipendia\/","title":{"rendered":"\u0160koln\u00e9, stipendia, ubytov\u00e1n\u00ed, stravov\u00e1n\u00ed"},"content":{"rendered":"\n<p>Sna\u017e\u00edme se udr\u017eet co nejni\u017e\u0161\u00ed \u0161koln\u00e9, aby si na\u0161i \u0161kolu mohl vybrat co nej\u0161ir\u0161\u00ed okruh z\u00e1jemc\u016f.<\/p>\n\n\n\n<h2 class=\"has-vivid-green-cyan-background-color has-background\">V p\u0159\u00edpad\u011b z\u00edsk\u00e1n\u00ed hodnocen\u00ed prosp\u011bchu za pololet\u00ed &#8222;prosp\u011bl\/a s vyznamen\u00e1n\u00edm&#8220;, \u017e\u00e1k\/ \u017e\u00e1kyn\u011b denn\u00edho studia v dal\u0161\u00edm pololet\u00ed neplat\u00ed \u0161koln\u00e9.<\/h2>\n\n\n\n<figure class=\"wp-block-table is-style-stripes\"><table><tbody><tr><td>Denn\u00ed studium &#8211; maturitn\u00ed obory<\/td><td>8400 K\u010d\/rok<\/td><\/tr><tr><td>Denn\u00ed studium &#8211; u\u010debn\u00ed obory<\/td><td>6000 K\u010d\/rok<\/td><\/tr><tr><td>Distan\u010dn\u00ed n\u00e1stavbov\u00e9 studium &#8211; nen\u00ed otev\u0159eno<\/td><td>12 000 K\u010d\/rok<\/td><\/tr><tr><td>Kombinovan\u00e9 zkr\u00e1cen\u00e9 studium<\/td><td>20 000 K\u010d\/rok<\/td><\/tr><\/tbody><\/table><\/figure>\n\n\n\n<p>\u0160koln\u00e9 je mo\u017en\u00e9 platit i pololetn\u011b nebo \u010dtvrtletn\u011b dle vybran\u00e9ho platebn\u00edho kalend\u00e1\u0159e. <\/p>\n\n\n\n<h2>Ubytov\u00e1n\u00ed na domov\u011b ml\u00e1de\u017ee<\/h2>\n\n\n\n<p>Na\u0161e \u0161kola neprovozuje vlastn\u00ed domov ml\u00e1de\u017ee.  Dlouhodob\u011b spolupracujeme s \u010cZA Humpolec. Na\u0161i \u017e\u00e1ci mohou podat \u017e\u00e1dost o ubytov\u00e1n\u00ed na jejich domov\u011b ml\u00e1de\u017ee, kter\u00fd se nach\u00e1z\u00ed v\u00a0 N\u00e1dra\u017en\u00ed ulici \u010d. p. 486, ve vzd\u00e1lenosti 400 m od \u0161koly. Telefonick\u00e9 spojen\u00ed 565 532 068. \u017d\u00e1ci ubytovan\u00ed na domov\u011b ml\u00e1de\u017ee maj\u00ed mo\u017enost stravov\u00e1n\u00ed v j\u00eddeln\u011b, kter\u00e1 je sou\u010d\u00e1st\u00ed domova ml\u00e1de\u017ee. V sou\u010dasn\u00e9 dob\u011b je kapacita domova ml\u00e1de\u017ee zcela napln\u011bna a nem\u016f\u017eeme tedy garantovat ubytov\u00e1n\u00ed pro v\u0161echny \u017e\u00e1ky. Letos nap\u0159. neubytovali 2 na\u0161e \u017e\u00e1ky. Je to poprv\u00e9 za p\u0159edchoz\u00ed roky. D\u016fvodem jsou siln\u00e9 ro\u010dn\u00edky. <\/p>\n\n\n\n<h2>Stravov\u00e1n\u00ed<\/h2>\n\n\n\n<p>Stravov\u00e1n\u00ed pro na\u0161e \u017e\u00e1ky, kte\u0159\u00ed nejsou ubytov\u00e1ni na domov\u011b ml\u00e1de\u017ee, zaji\u0161\u0165uje J\u00eddelna Rodinka. Nach\u00e1z\u00ed se v ulici Husova \u010d\u00edslo popisn\u00e9 391, ve vzd\u00e1lenosti 300 m od \u0161koly.&nbsp;Telefonick\u00e9 spojen\u00ed 565 536 522.&nbsp;<\/p>\n","protected":false},"excerpt":{"rendered":"<p>Sna\u017e\u00edme se udr\u017eet co nejni\u017e\u0161\u00ed \u0161koln\u00e9, aby si na\u0161i \u0161kolu mohl vybrat co nej\u0161ir\u0161\u00ed okruh z\u00e1jemc\u016f. V p\u0159\u00edpad\u011b z\u00edsk\u00e1n\u00ed hodnocen\u00ed prosp\u011bchu za pololet\u00ed &#8222;prosp\u011bl\/a s vyznamen\u00e1n\u00edm&#8220;, \u017e\u00e1k\/ \u017e\u00e1kyn\u011b denn\u00edho studia [&hellip;]<\/p>\n","protected":false},"author":1,"featured_media":0,"parent":0,"menu_order":0,"comment_status":"closed","ping_status":"closed","template":"","meta":[],"_links":{"self":[{"href":"https:\/\/www.stredniskola.com\/index.php\/wp-json\/wp\/v2\/pages\/362"}],"collection":[{"href":"https:\/\/www.stredniskola.com\/index.php\/wp-json\/wp\/v2\/pages"}],"about":[{"href":"https:\/\/www.stredniskola.com\/index.php\/wp-json\/wp\/v2\/types\/page"}],"author":[{"embeddable":true,"href":"https:\/\/www.stredniskola.com\/index.php\/wp-json\/wp\/v2\/users\/1"}],"replies":[{"embeddable":true,"href":"https:\/\/www.stredniskola.com\/index.php\/wp-json\/wp\/v2\/comments?post=362"}],"version-history":[{"count":10,"href":"https:\/\/www.stredniskola.com\/index.php\/wp-json\/wp\/v2\/pages\/362\/revisions"}],"predecessor-version":[{"id":6818,"href":"https:\/\/www.stredniskola.com\/index.php\/wp-json\/wp\/v2\/pages\/362\/revisions\/6818"}],"wp:attachment":[{"href":"https:\/\/www.stredniskola.com\/index.php\/wp-json\/wp\/v2\/media?parent=362"}],"curies":[{"name":"wp","href":"https:\/\/api.w.org\/{rel}","templated":true}]}}