{"id":3889,"date":"2023-03-23T14:54:38","date_gmt":"2023-03-23T13:54:38","guid":{"rendered":"https:\/\/www.stredniskola.com\/?page_id=3889"},"modified":"2026-04-20T12:31:04","modified_gmt":"2026-04-20T10:31:04","slug":"nase-fiktivni-firmy","status":"publish","type":"page","link":"https:\/\/www.stredniskola.com\/index.php\/nase-fiktivni-firmy\/","title":{"rendered":"Na\u0161e fiktivn\u00ed firmy"},"content":{"rendered":"\n<p>Do v\u00fdukov\u00fdch pl\u00e1n\u016f na\u0161ich studijn\u00edch obor\u016f je za\u0159azen i p\u0159edm\u011bt <strong>Fiktivn\u00ed firma<\/strong>. V\u00fduka prob\u00edh\u00e1 nap\u0159\u00ed\u010d ro\u010dn\u00edky maturitn\u00edch obor\u016f. <strong>C\u00edlem je propojit odborn\u00e9 p\u0159edm\u011bty a teoretick\u00e9 znalosti student\u016f z&nbsp;v\u00fduky s&nbsp;prax\u00ed<\/strong>. Studenti sb\u00edraj\u00ed zku\u0161enosti pro v\u00fdkon budouc\u00edho povol\u00e1n\u00ed nebo pro podnikatelskou \u010dinnost. Pracuj\u00ed formou projekt\u016f a zakl\u00e1daj\u00ed studentsk\u00e9 firmy pod hlavi\u010dkou JA Czech.<\/p>\n\n\n\n<h2>T\u0159\u00edda: 4. 0, \u0161koln\u00ed rok: 2025\/2026<\/h2>\n\n\n\n<h4>Fiktivn\u00ed firma Va\u0159e\u010dka a bufet U M\u0148amky<\/h4>\n\n\n\n<p>Firma Va\u0159e\u010dka se specializuje na objedn\u00e1v\u00e1n\u00ed surovin do kuchyn\u011b pot\u0159ebn\u00fdch pro v\u00fdrobu sortimentu do bufetu. Vede evidenci z\u00e1sob ve skladov\u00fdch kart\u00e1ch, vede da\u0148ovou evidenci, vytv\u00e1\u0159\u00ed kalkulace produkt\u016f z kuchyn\u011b a vystavuje faktury. Komunikuje s dodavateli, kte\u0159\u00ed z\u00e1sobuj\u00ed kuchy\u0148. Jej\u00ed hlavn\u00ed n\u00e1pln\u00ed je spolupracovat s firmou U M\u0148amky a nab\u00edzet j\u00ed nov\u00fd sortiment. Firma Va\u0159e\u010dka tedy funguje jako dodavatel \u2013 p\u0159ipravuje produkty prost\u0159ednictv\u00edm kucha\u0159\u016f, db\u00e1 na jejich kvalitu a p\u0159ed\u00e1v\u00e1 je druh\u00e9 skupin\u011b.<\/p>\n\n\n\n<p>Firma u M\u0148amky se specializuje na objedn\u00e1v\u00e1n\u00ed sortimentu do bufetu a jeho nace\u0148ov\u00e1n\u00ed. Tak\u00e9 prod\u00e1v\u00e1 a nab\u00edz\u00ed produkty vyroben\u00e9 v kuchyni cel\u00e9 \u0161kole. Organizuje prodej, komunikuje se z\u00e1kazn\u00edky a star\u00e1 se o chod bufetu. Z\u00e1rove\u0148 doch\u00e1z\u00ed ke sledov\u00e1n\u00ed popt\u00e1vky marketingov\u00fdmi v\u00fdzkumy, aby v\u00fdroba a objedn\u00e1vky byly efektivn\u00ed. Dal\u0161\u00edm \u00fakolem je pr\u00e1ce s pokladn\u00edm syst\u00e9mem, odvod tr\u017eeb, veden\u00ed pen\u011b\u017en\u00edho den\u00edku a jeho prost\u0159ednictv\u00edm sledov\u00e1n\u00ed efektivity prodeje a stanovov\u00e1n\u00ed cen. St\u011b\u017eejn\u00edm partnerem je firma Va\u0159e\u010dka.<\/p>\n\n\n\n<div class=\"wp-block-image\"><figure class=\"aligncenter size-medium\"><img loading=\"lazy\" width=\"225\" height=\"300\" src=\"https:\/\/www.stredniskola.com\/wp-content\/uploads\/2023\/03\/IMG_1058-225x300.jpeg\" alt=\"\" class=\"wp-image-3936\" srcset=\"https:\/\/www.stredniskola.com\/wp-content\/uploads\/2023\/03\/IMG_1058-225x300.jpeg 225w, https:\/\/www.stredniskola.com\/wp-content\/uploads\/2023\/03\/IMG_1058-768x1024.jpeg 768w, https:\/\/www.stredniskola.com\/wp-content\/uploads\/2023\/03\/IMG_1058-1152x1536.jpeg 1152w, https:\/\/www.stredniskola.com\/wp-content\/uploads\/2023\/03\/IMG_1058-1536x2048.jpeg 1536w, https:\/\/www.stredniskola.com\/wp-content\/uploads\/2023\/03\/IMG_1058-750x1000.jpeg 750w, https:\/\/www.stredniskola.com\/wp-content\/uploads\/2023\/03\/IMG_1058-scaled.jpeg 1920w\" sizes=\"(max-width: 225px) 100vw, 225px\" \/><figcaption>U M\u0148amky<\/figcaption><\/figure><\/div>\n\n\n\n<h2>T\u0159\u00edda: 3. IT-A, \u0161koln\u00ed rok: 2025\/2026<\/h2>\n\n\n\n<div class=\"wp-block-image is-style-default\"><figure class=\"aligncenter size-full\"><img loading=\"lazy\" width=\"436\" height=\"202\" src=\"https:\/\/www.stredniskola.com\/wp-content\/uploads\/2026\/04\/7b541f90-5ce8-417a-8ded-cdb3ad7418f9.png\" alt=\"\" class=\"wp-image-7300\" srcset=\"https:\/\/www.stredniskola.com\/wp-content\/uploads\/2026\/04\/7b541f90-5ce8-417a-8ded-cdb3ad7418f9.png 436w, https:\/\/www.stredniskola.com\/wp-content\/uploads\/2026\/04\/7b541f90-5ce8-417a-8ded-cdb3ad7418f9-300x139.png 300w\" sizes=\"(max-width: 436px) 100vw, 436px\" \/><\/figure><\/div>\n\n\n\n<p>Studentsk\u00e1 firma Podp\u00ed\u0165ko vyr\u00e1b\u00ed origin\u00e1ln\u00ed d\u0159ev\u011bn\u00e9 podt\u00e1cky pomoc\u00ed laserov\u00e9ho grav\u00edrov\u00e1n\u00ed s vlastn\u00edm designem. Ka\u017ed\u00fd kus je jedine\u010dn\u00fd a p\u0159izp\u016fsoben\u00fd podle p\u0159\u00e1n\u00ed \u2013 od text\u016f p\u0159es loga a\u017e po obr\u00e1zky. Na\u0161e podt\u00e1cky jsou kvalitn\u011b zpracovan\u00e9, lakovan\u00e9 a odoln\u00e9 proti vod\u011b, tak\u017ee jsou nejen stylov\u00e9, ale i praktick\u00e9 pro ka\u017edodenn\u00ed pou\u017eit\u00ed.<\/p>\n\n\n\n<div class=\"wp-block-image is-style-default\"><figure class=\"aligncenter size-medium\"><img loading=\"lazy\" width=\"300\" height=\"204\" src=\"https:\/\/www.stredniskola.com\/wp-content\/uploads\/2026\/04\/7afc268a-6d08-4bd7-9e7c-b54a5d7b8f93-300x204.png\" alt=\"\" class=\"wp-image-7302\" srcset=\"https:\/\/www.stredniskola.com\/wp-content\/uploads\/2026\/04\/7afc268a-6d08-4bd7-9e7c-b54a5d7b8f93-300x204.png 300w, https:\/\/www.stredniskola.com\/wp-content\/uploads\/2026\/04\/7afc268a-6d08-4bd7-9e7c-b54a5d7b8f93-768x522.png 768w, https:\/\/www.stredniskola.com\/wp-content\/uploads\/2026\/04\/7afc268a-6d08-4bd7-9e7c-b54a5d7b8f93-750x510.png 750w, https:\/\/www.stredniskola.com\/wp-content\/uploads\/2026\/04\/7afc268a-6d08-4bd7-9e7c-b54a5d7b8f93.png 939w\" sizes=\"(max-width: 300px) 100vw, 300px\" \/><\/figure><\/div>\n\n\n\n<div class=\"wp-block-image is-style-default\"><figure class=\"aligncenter size-medium\"><img loading=\"lazy\" width=\"300\" height=\"215\" src=\"https:\/\/www.stredniskola.com\/wp-content\/uploads\/2026\/04\/b38a3a64-850d-4f58-bca4-d51bf7788289-1-300x215.jpg\" alt=\"\" class=\"wp-image-7303\" srcset=\"https:\/\/www.stredniskola.com\/wp-content\/uploads\/2026\/04\/b38a3a64-850d-4f58-bca4-d51bf7788289-1-300x215.jpg 300w, https:\/\/www.stredniskola.com\/wp-content\/uploads\/2026\/04\/b38a3a64-850d-4f58-bca4-d51bf7788289-1-1024x733.jpg 1024w, https:\/\/www.stredniskola.com\/wp-content\/uploads\/2026\/04\/b38a3a64-850d-4f58-bca4-d51bf7788289-1-768x550.jpg 768w, https:\/\/www.stredniskola.com\/wp-content\/uploads\/2026\/04\/b38a3a64-850d-4f58-bca4-d51bf7788289-1-750x537.jpg 750w, https:\/\/www.stredniskola.com\/wp-content\/uploads\/2026\/04\/b38a3a64-850d-4f58-bca4-d51bf7788289-1.jpg 1045w\" sizes=\"(max-width: 300px) 100vw, 300px\" \/><\/figure><\/div>\n\n\n\n<h2>T\u0159\u00edda: 3. IT-B, \u0161koln\u00ed rok: 2025\/2026<\/h2>\n\n\n\n<p>Spole\u010dnost Model-in vznikla ve \u0161koln\u00edm roce 2025\/2026 jako studentsk\u00e1 firma poloviny t\u0159\u00eddy 3. IT &#8211; b pod veden\u00edm pan\u00ed u\u010ditelky Anety Slav\u00edkov\u00e9. Spojuje kreativitu, modern\u00ed technologie a t\u00fdmovou spolupr\u00e1ci. Specializuje se na 3D tisk propaga\u010dn\u00edch p\u0159edm\u011bt\u016f, p\u0159edev\u0161\u00edm na kl\u00ed\u010denky na m\u00edru, kter\u00e9 pom\u00e1haj\u00ed zna\u010dk\u00e1m zviditelnit se origin\u00e1ln\u00edm a modern\u00edm zp\u016fsobem. Ka\u017ed\u00fd produkt navrhujeme s d\u016frazem na detail, kvalitu a jedine\u010dn\u00fd design. Model-in \u2013 Fantazii d\u00e1v\u00e1me tvar<\/p>\n\n\n\n<div class=\"wp-block-image\"><figure class=\"aligncenter size-medium\"><img loading=\"lazy\" width=\"213\" height=\"300\" src=\"https:\/\/www.stredniskola.com\/wp-content\/uploads\/2024\/01\/pexle-213x300.png\" alt=\"\" class=\"wp-image-4983\" srcset=\"https:\/\/www.stredniskola.com\/wp-content\/uploads\/2024\/01\/pexle-213x300.png 213w, https:\/\/www.stredniskola.com\/wp-content\/uploads\/2024\/01\/pexle-728x1024.png 728w, https:\/\/www.stredniskola.com\/wp-content\/uploads\/2024\/01\/pexle-768x1080.png 768w, https:\/\/www.stredniskola.com\/wp-content\/uploads\/2024\/01\/pexle-1092x1536.png 1092w, https:\/\/www.stredniskola.com\/wp-content\/uploads\/2024\/01\/pexle-1456x2048.png 1456w, https:\/\/www.stredniskola.com\/wp-content\/uploads\/2024\/01\/pexle-750x1055.png 750w\" sizes=\"(max-width: 213px) 100vw, 213px\" \/><\/figure><\/div>\n\n\n\n<h2>T\u0159\u00edda: 3. IT-A, \u0161koln\u00ed rok: 2023\/2024<\/h2>\n\n\n\n<p>Studentsk\u00e1 firma PEXLE&nbsp;nab\u00edz\u00ed&nbsp;origin\u00e1ln\u00ed&nbsp;pexeso a puzzle s motivem Humpolce v d\u0159ev\u011bn\u00e9 a&nbsp;pap\u00edrov\u00e9&nbsp;form\u011b. Objedn\u00e1vat m\u016f\u017eete e-mailem nebo prost\u0159ednictv\u00edm na\u0161eho webu. V\u00fdrobky&nbsp;ve spolupr\u00e1ci s\u202fpolygrafick\u00fdm studiem.&nbsp;<\/p>\n\n\n\n<div class=\"wp-block-image\"><figure class=\"aligncenter size-medium\"><img loading=\"lazy\" width=\"267\" height=\"300\" src=\"https:\/\/www.stredniskola.com\/wp-content\/uploads\/2024\/01\/kobra-DONE-267x300.png\" alt=\"\" class=\"wp-image-4984\" srcset=\"https:\/\/www.stredniskola.com\/wp-content\/uploads\/2024\/01\/kobra-DONE-267x300.png 267w, https:\/\/www.stredniskola.com\/wp-content\/uploads\/2024\/01\/kobra-DONE-768x864.png 768w, https:\/\/www.stredniskola.com\/wp-content\/uploads\/2024\/01\/kobra-DONE-750x844.png 750w, https:\/\/www.stredniskola.com\/wp-content\/uploads\/2024\/01\/kobra-DONE.png 781w\" sizes=\"(max-width: 267px) 100vw, 267px\" \/><\/figure><\/div>\n\n\n\n<h2>T\u0159\u00edda: 3. IT-B, \u0161koln\u00ed rok: 2023\/2024<\/h2>\n\n\n\n<p>Na\u0161e firma, Dobrou s kobrou, se zab\u00fdv\u00e1 potiskem na tri\u010dka, mikiny, hrnky, atd&#8230;M\u016f\u017eete si vytvo\u0159it vlastn\u00ed design a my se postar\u00e1me o to, aby to vypadalo co nejl\u00e9pe na v\u00fdsledn\u00e9m produktu.<\/p>\n\n\n\n<div class=\"wp-block-image\"><figure class=\"aligncenter size-medium\"><img loading=\"lazy\" width=\"300\" height=\"300\" src=\"https:\/\/www.stredniskola.com\/wp-content\/uploads\/2023\/03\/mgo-300x300.jpg\" alt=\"\" class=\"wp-image-3909\" srcset=\"https:\/\/www.stredniskola.com\/wp-content\/uploads\/2023\/03\/mgo-300x300.jpg 300w, https:\/\/www.stredniskola.com\/wp-content\/uploads\/2023\/03\/mgo-150x150.jpg 150w, https:\/\/www.stredniskola.com\/wp-content\/uploads\/2023\/03\/mgo-500x500.jpg 500w, https:\/\/www.stredniskola.com\/wp-content\/uploads\/2023\/03\/mgo.jpg 680w\" sizes=\"(max-width: 300px) 100vw, 300px\" \/><\/figure><\/div>\n\n\n\n<h2>T\u0159\u00edda: 3. IT-A, \u0161koln\u00ed rok: 2021\/2022<\/h2>\n\n\n\n<p>Studentsk\u00e1 firma JA Czech: sd\u00edlen\u00ed zku\u0161enost\u00ed s&nbsp;uspo\u0159\u00e1d\u00e1n\u00edm maturitn\u00edho plesu, prodej zbo\u017e\u00ed pro maturanty (\u0161erpy, skleni\u010dky, stu\u017eky, tri\u010dka apod.), spolupr\u00e1ce se \u0161koln\u00edm polygrafick\u00fdm studiem.<\/p>\n\n\n\n<div class=\"wp-block-image\"><figure class=\"aligncenter size-medium\"><img loading=\"lazy\" width=\"300\" height=\"300\" src=\"https:\/\/www.stredniskola.com\/wp-content\/uploads\/2023\/03\/rf-300x300.png\" alt=\"\" class=\"wp-image-3910\" srcset=\"https:\/\/www.stredniskola.com\/wp-content\/uploads\/2023\/03\/rf-300x300.png 300w, https:\/\/www.stredniskola.com\/wp-content\/uploads\/2023\/03\/rf-150x150.png 150w, https:\/\/www.stredniskola.com\/wp-content\/uploads\/2023\/03\/rf-500x500.png 500w, https:\/\/www.stredniskola.com\/wp-content\/uploads\/2023\/03\/rf.png 681w\" sizes=\"(max-width: 300px) 100vw, 300px\" \/><\/figure><\/div>\n\n\n\n<h2>T\u0159\u00edda: 3. IT-B, \u0161koln\u00ed rok: 2021\/2022<\/h2>\n\n\n\n<p>Studentsk\u00e1 firma JA Czech: autorsk\u00e1 tvorba designu, potisk a prodej tri\u010dek ve spolupr\u00e1ci se \u0161koln\u00edm polygrafick\u00fdm studiem.<\/p>\n\n\n\n<div class=\"wp-block-image\"><figure class=\"aligncenter size-medium\"><img loading=\"lazy\" width=\"300\" height=\"291\" src=\"https:\/\/www.stredniskola.com\/wp-content\/uploads\/2023\/03\/ithrou-300x291.png\" alt=\"\" class=\"wp-image-3911\" srcset=\"https:\/\/www.stredniskola.com\/wp-content\/uploads\/2023\/03\/ithrou-300x291.png 300w, https:\/\/www.stredniskola.com\/wp-content\/uploads\/2023\/03\/ithrou.png 702w\" sizes=\"(max-width: 300px) 100vw, 300px\" \/><\/figure><\/div>\n\n\n\n<h2>T\u0159\u00edda: 3. IT-A, \u0161koln\u00ed rok: 2022\/2023<\/h2>\n\n\n\n<p>Studentsk\u00e1 firma JA Czech: v\u00fdukov\u00e9 projekty z&nbsp;oblasti ITC ur\u010den\u00e9 pro studenty a ve\u0159ejnost.<strong><\/strong><\/p>\n\n\n\n<div class=\"wp-block-image\"><figure class=\"aligncenter size-medium\"><img loading=\"lazy\" width=\"300\" height=\"202\" src=\"https:\/\/www.stredniskola.com\/wp-content\/uploads\/2023\/03\/dt-300x202.jpg\" alt=\"\" class=\"wp-image-3912\" srcset=\"https:\/\/www.stredniskola.com\/wp-content\/uploads\/2023\/03\/dt-300x202.jpg 300w, https:\/\/www.stredniskola.com\/wp-content\/uploads\/2023\/03\/dt.jpg 681w\" sizes=\"(max-width: 300px) 100vw, 300px\" \/><\/figure><\/div>\n\n\n\n<h2>T\u0159\u00edda: 3. IT-B, \u0161koln\u00ed rok: 2022\/2023<\/h2>\n\n\n\n<p>Studentsk\u00e1 firma JA Czech: spolupr\u00e1ce se \u0161koln\u00edm polygrafick\u00fdm studiem, potisk textilu na zak\u00e1zku, p\u0159\u00edjem \u0161koln\u00edch zak\u00e1zek \u2013 n\u00e1vrh propaga\u010dn\u00edch materi\u00e1l\u016f pro obor obchodn\u00edk se zam\u011b\u0159en\u00edm na cestovn\u00ed ruch.<strong><\/strong><\/p>\n\n\n\n<div class=\"wp-block-image\"><figure class=\"aligncenter size-full\"><img loading=\"lazy\" width=\"448\" height=\"203\" src=\"https:\/\/www.stredniskola.com\/wp-content\/uploads\/2023\/03\/ULOZMESE_logo-1.png\" alt=\"\" class=\"wp-image-3921\" srcset=\"https:\/\/www.stredniskola.com\/wp-content\/uploads\/2023\/03\/ULOZMESE_logo-1.png 448w, https:\/\/www.stredniskola.com\/wp-content\/uploads\/2023\/03\/ULOZMESE_logo-1-300x136.png 300w\" sizes=\"(max-width: 448px) 100vw, 448px\" \/><\/figure><\/div>\n\n\n\n<h2>T\u0159\u00edda 4. IT-B, \u0161koln\u00ed rok: 2022\/2023<\/h2>\n\n\n\n<p>Fiktivn\u00ed firma ULOZMESE: v\u00fdvoj aplikace na spr\u00e1vu skladu polygrafick\u00e9ho studia. Snadn\u00e9 a rychl\u00e9 sledov\u00e1n\u00ed v\u0161ech polo\u017eek skladu (p\u0159\u00edjem, v\u00fddej, p\u0159evod a inventura z\u00e1sob). Evidence mno\u017estv\u00ed i parametr\u016f z\u00e1sob (velikost, barva a historie dod\u00e1n\u00ed).<\/p>\n\n\n\n<div class=\"wp-block-image\"><figure class=\"aligncenter size-medium\"><img loading=\"lazy\" width=\"300\" height=\"300\" src=\"https:\/\/www.stredniskola.com\/wp-content\/uploads\/2023\/03\/kg-300x300.png\" alt=\"\" class=\"wp-image-3913\" srcset=\"https:\/\/www.stredniskola.com\/wp-content\/uploads\/2023\/03\/kg-300x300.png 300w, https:\/\/www.stredniskola.com\/wp-content\/uploads\/2023\/03\/kg-150x150.png 150w, https:\/\/www.stredniskola.com\/wp-content\/uploads\/2023\/03\/kg-500x500.png 500w, https:\/\/www.stredniskola.com\/wp-content\/uploads\/2023\/03\/kg.png 681w\" sizes=\"(max-width: 300px) 100vw, 300px\" \/><\/figure><\/div>\n\n\n\n<h2>T\u0159\u00edda 4. IT-B, \u0161koln\u00ed rok: 2022\/2023<\/h2>\n\n\n\n<p>Fiktivn\u00ed firma KNIHOVNAGO: softwarov\u00e1 podpora \u0161koln\u00ed knihovny \u0159e\u0161en\u00e1 formou datab\u00e1ze \u2013 evidence knih, zad\u00e1n\u00ed nov\u00e9 knihy, zap\u016fj\u010den\u00ed, vy\u0159azen\u00ed knihy, informace o dostupnosti knihy, z\u00e1p\u016fj\u010dky v&nbsp;prodlen\u00ed a dal\u0161\u00ed sestavy dle pot\u0159eb u\u017eivatele.<\/p>\n\n\n\n<p class=\"has-luminous-vivid-orange-background-color has-background\">&nbsp;podcast Fiktivn\u00ed firmy KnihovnaGo (4. ITA)<\/p>\n\n\n\n<figure class=\"wp-block-audio\"><audio controls src=\"https:\/\/www.stredniskola.com\/wp-content\/uploads\/2023\/02\/podcast-FIF4ITB.mp3\"><\/audio><\/figure>\n\n\n\n<h2> T\u0159\u00edda 4. O, \u0161koln\u00ed rok: 2022\/2023 <\/h2>\n\n\n\n<p><strong>\u0160koln\u00ed bufet U M\u0148amky<\/strong><\/p>\n\n\n\n<p>Fiktivn\u00ed firmu vedou studenti 4. ro\u010dn\u00edku maturitn\u00edho oboru Obchodn\u00edk se zam\u011b\u0159en\u00edm na cestovn\u00ed ruch. Ve sv\u00e9 agend\u011b maj\u00ed komunikaci s&nbsp;dodavateli, zad\u00e1v\u00e1n\u00ed objedn\u00e1vek, p\u0159\u00edjem zbo\u017e\u00ed, evidenci faktur, evidenci prodeje. O p\u0159est\u00e1vk\u00e1ch potom realizuj\u00ed vlastn\u00ed prodej v&nbsp;bufetu. \u00dazce spolupracuj\u00ed se studenty oboru Kucha\u0159 \u2013 \u010d\u00ed\u0161n\u00edk, kte\u0159\u00ed v&nbsp;r\u00e1mci sv\u00e9ho odborn\u00e9ho v\u00fdcviku ve cvi\u010dn\u00e9 kuchyni p\u0159ipravuj\u00ed sva\u010diny a ob\u010derstven\u00ed.<\/p>\n\n\n\n<div class=\"wp-block-image is-style-rounded\"><figure class=\"aligncenter size-full\"><img loading=\"lazy\" width=\"458\" height=\"292\" src=\"https:\/\/www.stredniskola.com\/wp-content\/uploads\/2023\/03\/logo.jpg\" alt=\"\" class=\"wp-image-3935\" srcset=\"https:\/\/www.stredniskola.com\/wp-content\/uploads\/2023\/03\/logo.jpg 458w, https:\/\/www.stredniskola.com\/wp-content\/uploads\/2023\/03\/logo-300x191.jpg 300w\" sizes=\"(max-width: 458px) 100vw, 458px\" \/><\/figure><\/div>\n","protected":false},"excerpt":{"rendered":"<p>Do v\u00fdukov\u00fdch pl\u00e1n\u016f na\u0161ich studijn\u00edch obor\u016f je za\u0159azen i p\u0159edm\u011bt Fiktivn\u00ed firma. V\u00fduka prob\u00edh\u00e1 nap\u0159\u00ed\u010d ro\u010dn\u00edky maturitn\u00edch obor\u016f. C\u00edlem je propojit odborn\u00e9 p\u0159edm\u011bty a teoretick\u00e9 znalosti student\u016f z&nbsp;v\u00fduky s&nbsp;prax\u00ed. Studenti [&hellip;]<\/p>\n","protected":false},"author":3,"featured_media":0,"parent":0,"menu_order":0,"comment_status":"closed","ping_status":"closed","template":"","meta":[],"_links":{"self":[{"href":"https:\/\/www.stredniskola.com\/index.php\/wp-json\/wp\/v2\/pages\/3889"}],"collection":[{"href":"https:\/\/www.stredniskola.com\/index.php\/wp-json\/wp\/v2\/pages"}],"about":[{"href":"https:\/\/www.stredniskola.com\/index.php\/wp-json\/wp\/v2\/types\/page"}],"author":[{"embeddable":true,"href":"https:\/\/www.stredniskola.com\/index.php\/wp-json\/wp\/v2\/users\/3"}],"replies":[{"embeddable":true,"href":"https:\/\/www.stredniskola.com\/index.php\/wp-json\/wp\/v2\/comments?post=3889"}],"version-history":[{"count":9,"href":"https:\/\/www.stredniskola.com\/index.php\/wp-json\/wp\/v2\/pages\/3889\/revisions"}],"predecessor-version":[{"id":7324,"href":"https:\/\/www.stredniskola.com\/index.php\/wp-json\/wp\/v2\/pages\/3889\/revisions\/7324"}],"wp:attachment":[{"href":"https:\/\/www.stredniskola.com\/index.php\/wp-json\/wp\/v2\/media?parent=3889"}],"curies":[{"name":"wp","href":"https:\/\/api.w.org\/{rel}","templated":true}]}}