{"id":636,"date":"2019-06-05T10:13:07","date_gmt":"2019-06-05T08:13:07","guid":{"rendered":"http:\/\/www.stredniskola.com\/cz\/?page_id=636"},"modified":"2026-04-09T11:02:38","modified_gmt":"2026-04-09T09:02:38","slug":"maturitni-zkouska","status":"publish","type":"page","link":"https:\/\/www.stredniskola.com\/index.php\/maturitni-zkouska\/","title":{"rendered":"Maturitn\u00ed zkou\u0161ka, modely, t\u00e9mata"},"content":{"rendered":"\n<p class=\"has-vivid-green-cyan-background-color has-text-color has-background\" style=\"color:#0a0a0a\">Maturitn\u00ed zkou\u0161ka ve \u0161koln\u00edm roce 2025\/2026 z\u016fst\u00e1v\u00e1 rozd\u011blena na dv\u011b \u010d\u00e1sti \u2013 spole\u010dnou (organizuje CERMAT) a profilovou (organizuje \u0161kola).<\/p>\n\n\n\n<p><strong>Pr\u00e1vn\u00ed p\u0159edpisy <\/strong> <br><a href=\"https:\/\/maturita.cermat.cz\/files\/files\/zakon-vyhlaska\/skolsky_zakon_od_1_10_2020.pdf\">\u0160kolsk\u00fd z\u00e1kon \u010d. 561\/2004 Sb., o p\u0159ed\u0161koln\u00edm, z\u00e1kladn\u00edm, st\u0159edn\u00edm, vy\u0161\u0161\u00edm odborn\u00e9m a jin\u00e9m vzd\u011bl\u00e1v\u00e1n\u00ed,&nbsp;ve zn\u011bn\u00ed \u00fa\u010dinn\u00e9m od 1. 10. 2020&nbsp;<\/a>&nbsp; <br><a href=\"https:\/\/maturita.cermat.cz\/files\/files\/zakon-vyhlaska\/Maturitni_vyhlaska_15-10-2020.pdf\">Vyhl\u00e1\u0161ka \u010d. 177\/2009 Sb.,o bli\u017e\u0161\u00edch podm\u00ednk\u00e1ch ukon\u010dov\u00e1n\u00ed vzd\u011bl\u00e1v\u00e1n\u00ed ve st\u0159edn\u00edch \u0161kol\u00e1ch maturitn\u00ed zkou\u0161kou, ve zn\u011bn\u00ed \u00fa\u010dinn\u00e9m od 15. 10. 2020&nbsp;<\/a>&nbsp;  <\/p>\n\n\n\n<h2>P\u0159ihla\u0161ov\u00e1n\u00ed \u017e\u00e1k\u016f<\/h2>\n\n\n\n<p><strong>Aby mohl \u017e\u00e1k maturitn\u00ed zkou\u0161ku konat, mus\u00ed se k n\u00ed nejprve p\u0159ihl\u00e1sit. Formul\u00e1\u0159 p\u0159ihl\u00e1\u0161ky obdr\u017e\u00ed \u017e\u00e1ci od \u0159editele \u0161koly  <strong>prost\u0159ednictv\u00edm t\u0159\u00eddn\u00edho u\u010ditele<\/strong>. P\u0159ihla\u0161ov\u00e1n\u00ed \u017e\u00e1k\u016f pro jarn\u00ed zku\u0161ebn\u00ed obdob\u00ed bude v leto\u0161n\u00edm \u0161koln\u00edm roce ukon\u010deno 1. prosince.<\/strong><\/p>\n\n\n\n<p>Tento term\u00edn je z\u00e1vazn\u00fd jak pro p\u0159ihl\u00e1\u0161en\u00ed ke zkou\u0161ce \u0159\u00e1dn\u00e9, tak ke zkou\u0161ce <strong>opravn\u00e9<\/strong>, p\u0159\u00edpadn\u011b n\u00e1hradn\u00ed. P\u0159i p\u0159ihla\u0161ov\u00e1n\u00ed k opravn\u00e9 p\u0159\u00edpadn\u011b n\u00e1hradn\u00ed zkou\u0161ce nelze zm\u011bnit p\u0159edm\u011bt. \u017d\u00e1ci maturitn\u00edch ro\u010dn\u00edk\u016f<strong>&nbsp;jsou povinni podat<\/strong>&nbsp;p\u0159ihl\u00e1\u0161ku k \u0159\u00e1dn\u00e9mu term\u00ednu v jarn\u00edm zku\u0161ebn\u00edm obdob\u00ed \u0161koln\u00edho roku 2025\/2026.<\/p>\n\n\n\n<p><strong>\u017d\u00e1ci, kte\u0159\u00ed \u017e\u00e1daj\u00ed o p\u0159iznan\u00e9 uzp\u016fsoben\u00ed podm\u00ednek kon\u00e1n\u00ed maturitn\u00ed zkou\u0161ky, mus\u00ed spolu s p\u0159ihl\u00e1\u0161kou odevzdat i platn\u00fd posudek \u0161kolsk\u00e9ho poradensk\u00e9ho za\u0159\u00edzen\u00ed.<\/strong><\/p>\n\n\n\n<p>Vypln\u011bnou p\u0159ihl\u00e1\u0161ku p\u0159edaj\u00ed \u017e\u00e1ci&nbsp;<strong>nejpozd\u011bji 1. prosince 2025 prost\u0159ednictv\u00edm t\u0159\u00eddn\u00edho u\u010ditele \u0159editeli<\/strong> \u0161koly, kter\u00fd \u00fadaje zad\u00e1 do centr\u00e1ln\u00edho registru a do <strong>21. prosince 2025<\/strong> p\u0159ed\u00e1 \u017e\u00e1k\u016fm&nbsp;<strong>v\u00fdpis z p\u0159ihl\u00e1\u0161ky k maturitn\u00ed zkou\u0161ce<\/strong>.&nbsp;&nbsp;V r\u00e1mci spole\u010dn\u00e9 \u010d\u00e1sti maturitn\u00ed zkou\u0161ky se maturanti p\u0159ihla\u0161uj\u00ed ke dv\u011bma povinn\u00fdm zkou\u0161k\u00e1m a maj\u00ed mo\u017enost si tak\u00e9 zvolit a\u017e dv\u011b zkou\u0161ky nepovinn\u00e9. V profilov\u00e9 \u010d\u00e1sti se pak p\u0159ihla\u0161uj\u00ed ke zkou\u0161k\u00e1m pro jejich studijn\u00ed obor &#8211; dle modelu.<\/p>\n\n\n\n<p>V\u00edce informac\u00ed naleznete na webov\u00fdch str\u00e1nk\u00e1ch<a href=\"https:\/\/maturita.cermat.cz\/menu\/maturitni-zkouska\"> CERMAT<\/a><\/p>\n\n\n\n<h2 class=\"has-black-color has-vivid-green-cyan-background-color has-text-color has-background has-large-font-size\">MATURITN\u00cd ZKOU\u0160KY 2025\/26<\/h2>\n\n\n\n<h2 class=\"has-large-font-size\">MODELY MATURITN\u00cd ZKOU\u0160KY 2025\/26<\/h2>\n\n\n\n<div class=\"wp-block-file\"><a href=\"https:\/\/www.stredniskola.com\/wp-content\/uploads\/2026\/01\/it26.docx\" target=\"_blank\" rel=\"noreferrer noopener\">MODEL INFORMA\u010cN\u00cd TECHNOLOGIE 4. IT<\/a><a href=\"https:\/\/www.stredniskola.com\/wp-content\/uploads\/2026\/01\/it26.docx\" class=\"wp-block-file__button\" download>St\u00e1hnout<\/a><\/div>\n\n\n\n<div class=\"wp-block-file\"><a href=\"https:\/\/www.stredniskola.com\/wp-content\/uploads\/2026\/04\/o26_.pdf\" target=\"_blank\" rel=\"noreferrer noopener\">MODEL OBCHODN\u00cdK 4.O_<\/a><a href=\"https:\/\/www.stredniskola.com\/wp-content\/uploads\/2026\/04\/o26_.pdf\" class=\"wp-block-file__button\" download>St\u00e1hnout<\/a><\/div>\n\n\n\n<div class=\"wp-block-file\"><a href=\"https:\/\/www.stredniskola.com\/wp-content\/uploads\/2025\/09\/pmp26.pdf\" target=\"_blank\" rel=\"noreferrer noopener\">MODEL  P\u0158ED\u0160KOLN\u00cd A MIMO\u0160KOLN\u00cd PEDAGOGIKA <\/a><a href=\"https:\/\/www.stredniskola.com\/wp-content\/uploads\/2025\/09\/pmp26.pdf\" class=\"wp-block-file__button\" download>St\u00e1hnout<\/a><\/div>\n\n\n\n<h2 class=\"has-large-font-size\">MATURITN\u00cd T\u00c9MATA K \u00daSTN\u00cdM ZKOU\u0160K\u00c1M 2025\/26<\/h2>\n\n\n\n<div class=\"wp-block-file\"><a href=\"https:\/\/www.stredniskola.com\/wp-content\/uploads\/2025\/09\/MO-PRGPSS-IT-2026.pdf\" target=\"_blank\" rel=\"noreferrer noopener\">Odborn\u00e9 p\u0159edm\u011bty &#8211; Informa\u010dn\u00ed technologie<\/a><a href=\"https:\/\/www.stredniskola.com\/wp-content\/uploads\/2025\/09\/MO-PRGPSS-IT-2026.pdf\" class=\"wp-block-file__button\" download>St\u00e1hnout<\/a><\/div>\n\n\n\n<div class=\"wp-block-file\"><a href=\"https:\/\/www.stredniskola.com\/wp-content\/uploads\/2025\/09\/MO-EKO-PREDMETY-26-O.pdf\" target=\"_blank\" rel=\"noreferrer noopener\">Odborn\u00e9 p\u0159edm\u011bty &#8211; Obchodn\u00edk <\/a><a href=\"https:\/\/www.stredniskola.com\/wp-content\/uploads\/2025\/09\/MO-EKO-PREDMETY-26-O.pdf\" class=\"wp-block-file__button\" download>St\u00e1hnout<\/a><\/div>\n\n\n\n<div class=\"wp-block-file\"><a href=\"https:\/\/www.stredniskola.com\/wp-content\/uploads\/2025\/09\/MO-AJ-IT.pdf\" target=\"_blank\" rel=\"noreferrer noopener\">Anglick\u00fd jazyk Informa\u010dn\u00ed technologie<\/a><a href=\"https:\/\/www.stredniskola.com\/wp-content\/uploads\/2025\/09\/MO-AJ-IT.pdf\" class=\"wp-block-file__button\" download>St\u00e1hnout<\/a><\/div>\n\n\n\n<div class=\"wp-block-file\"><a href=\"https:\/\/www.stredniskola.com\/wp-content\/uploads\/2025\/09\/MO-AJ-O.pdf\" target=\"_blank\" rel=\"noreferrer noopener\">Anglick\u00fd jazyk Obchodn\u00edk<\/a><a href=\"https:\/\/www.stredniskola.com\/wp-content\/uploads\/2025\/09\/MO-AJ-O.pdf\" class=\"wp-block-file__button\" download>St\u00e1hnout<\/a><\/div>\n\n\n\n<div class=\"wp-block-file\"><a href=\"https:\/\/www.stredniskola.com\/wp-content\/uploads\/2025\/09\/Seznam-doporucene-cetby-k-MZ-pro-skolni-rok-2025_2026.pdf\" target=\"_blank\" rel=\"noreferrer noopener\">\u010cesk\u00fd jazyk Seznam doporu\u010den\u00e9 \u010detby k maturitn\u00ed-zkou\u0161ce<\/a><a href=\"https:\/\/www.stredniskola.com\/wp-content\/uploads\/2025\/09\/Seznam-doporucene-cetby-k-MZ-pro-skolni-rok-2025_2026.pdf\" class=\"wp-block-file__button\" download>St\u00e1hnout<\/a><\/div>\n\n\n\n<div class=\"wp-block-file\"><a href=\"https:\/\/www.stredniskola.com\/wp-content\/uploads\/2022\/09\/tabulka-cetba.doc\">\u010cesk\u00fd jazyk  tabulka &#8211; \u010detba<\/a><a href=\"https:\/\/www.stredniskola.com\/wp-content\/uploads\/2022\/09\/tabulka-cetba.doc\" class=\"wp-block-file__button\" download>St\u00e1hnout<\/a><\/div>\n\n\n\n<div class=\"wp-block-file\"><a href=\"https:\/\/www.stredniskola.com\/wp-content\/uploads\/2025\/09\/PMP-Psychologie-.pdf\" target=\"_blank\" rel=\"noreferrer noopener\">Psychologie &#8211; P\u0159ed\u0161koln\u00ed a mimo\u0161koln\u00ed pedagogika  <\/a><a href=\"https:\/\/www.stredniskola.com\/wp-content\/uploads\/2025\/09\/PMP-Psychologie-.pdf\" class=\"wp-block-file__button\" download>St\u00e1hnout<\/a><\/div>\n\n\n\n<div class=\"wp-block-file\"><a href=\"https:\/\/www.stredniskola.com\/wp-content\/uploads\/2025\/09\/PMP-Pedagogika.pdf\" target=\"_blank\" rel=\"noreferrer noopener\">Pedagogika &#8211; P\u0159ed\u0161koln\u00ed a mimo\u0161koln\u00ed pedagogika<\/a><a href=\"https:\/\/www.stredniskola.com\/wp-content\/uploads\/2025\/09\/PMP-Pedagogika.pdf\" class=\"wp-block-file__button\" download>St\u00e1hnout<\/a><\/div>\n\n\n\n<div class=\"wp-block-file\"><a href=\"https:\/\/www.stredniskola.com\/wp-content\/uploads\/2025\/09\/Maturitni-okruhy-EKO.pdf\" target=\"_blank\" rel=\"noreferrer noopener\">Ekonomika &#8211; Informa\u010dn\u00ed technologie &#8211; nepovinn\u00fd p\u0159edm\u011bt<\/a><a href=\"https:\/\/www.stredniskola.com\/wp-content\/uploads\/2025\/09\/Maturitni-okruhy-EKO.pdf\" class=\"wp-block-file__button\" download>St\u00e1hnout<\/a><\/div>\n\n\n\n<div class=\"wp-block-file\"><a href=\"https:\/\/www.stredniskola.com\/wp-content\/uploads\/2025\/09\/ONEPOV26.pdf\" target=\"_blank\" rel=\"noreferrer noopener\">Management &#8211; Obchodn\u00edk &#8211; nepovinn\u00fd p\u0159edm\u011bt<\/a><a href=\"https:\/\/www.stredniskola.com\/wp-content\/uploads\/2025\/09\/ONEPOV26.pdf\" class=\"wp-block-file__button\" download>St\u00e1hnout<\/a><\/div>\n\n\n\n<hr class=\"wp-block-separator\"\/>\n\n\n\n<h2 class=\"has-large-font-size\">Podm\u00ednky hodnocen\u00ed maturitn\u00edch zkou\u0161ek<\/h2>\n\n\n\n<div class=\"wp-block-file\"><a href=\"https:\/\/www.stredniskola.com\/wp-content\/uploads\/2025\/09\/Podminky-hodnoceni-pisemna-MZ.pdf\" target=\"_blank\" rel=\"noreferrer noopener\">Podm\u00ednky hodnoceni pro p\u00edsemnou maturitn\u00ed zkou\u0161ku  <\/a><a href=\"https:\/\/www.stredniskola.com\/wp-content\/uploads\/2025\/09\/Podminky-hodnoceni-pisemna-MZ.pdf\" class=\"wp-block-file__button\" download>St\u00e1hnout<\/a><\/div>\n\n\n\n<div class=\"wp-block-file\"><a href=\"https:\/\/www.stredniskola.com\/wp-content\/uploads\/2026\/04\/Podminky-hodnoceni-prakticka-MZ_-1.pdf\" target=\"_blank\" rel=\"noreferrer noopener\">Podm\u00ednky hodnoceni pro praktickou maturitn\u00ed zkou\u0161ku <\/a><a href=\"https:\/\/www.stredniskola.com\/wp-content\/uploads\/2026\/04\/Podminky-hodnoceni-prakticka-MZ_-1.pdf\" class=\"wp-block-file__button\" download>St\u00e1hnout<\/a><\/div>\n\n\n\n<div class=\"wp-block-file\"><a href=\"https:\/\/www.stredniskola.com\/wp-content\/uploads\/2021\/09\/Podminky-hodnoceni-profilova-MZ.pdf\" target=\"_blank\" rel=\"noreferrer noopener\">Podm\u00ednky hodnocen\u00ed pro \u00fastn\u00ed maturitn\u00ed zkou\u0161ku<\/a><a href=\"https:\/\/www.stredniskola.com\/wp-content\/uploads\/2021\/09\/Podminky-hodnoceni-profilova-MZ.pdf\" class=\"wp-block-file__button\" download>St\u00e1hnout<\/a><\/div>\n\n\n\n<hr class=\"wp-block-separator\"\/>\n\n\n\n<p><a rel=\"noreferrer noopener\" aria-label=\" (otev\u0159e se na nov\u00e9 z\u00e1lo\u017ece)\" href=\"https:\/\/maturita.cermat.cz\/\" target=\"_blank\">Aktu\u00e1ln\u00ed informace<\/a><\/p>\n\n\n\n<h2>Podm\u00ednky hodnocen\u00ed na z\u00e1klad\u011b uznan\u00e9ho certifik\u00e1tu<\/h2>\n\n\n\n<p>Seznam certifik\u00e1t\u016f k nahrazen\u00ed maturitn\u00ed zkou\u0161ky<\/p>\n\n\n\n<div class=\"wp-block-file\"><a href=\"https:\/\/www.stredniskola.com\/wp-content\/uploads\/2025\/10\/SEZNAM-UZNAVANYCH-CERTIFIKATU-JAZYKOVYCH-ZKOUSEK.pdf\">SEZNAM UZN\u00c1VAN\u00ddCH CERTIFIK\u00c1T\u016e JAZYKOV\u00ddCH ZKOU\u0160EK <\/a><a href=\"https:\/\/www.stredniskola.com\/wp-content\/uploads\/2025\/10\/SEZNAM-UZNAVANYCH-CERTIFIKATU-JAZYKOVYCH-ZKOUSEK.pdf\" class=\"wp-block-file__button\" download>St\u00e1hnout<\/a><\/div>\n\n\n\n<div class=\"wp-block-file\"><a href=\"https:\/\/www.stredniskola.com\/wp-content\/uploads\/2025\/10\/Podminky-hodnoceni-ANJ-certifikat.pdf\">Podm\u00ednky hodnocen\u00ed ANJ &#8211; certifik\u00e1t<\/a><a href=\"https:\/\/www.stredniskola.com\/wp-content\/uploads\/2025\/10\/Podminky-hodnoceni-ANJ-certifikat.pdf\" class=\"wp-block-file__button\" download>St\u00e1hnout<\/a><\/div>\n\n\n\n<div class=\"wp-block-file\"><a href=\"https:\/\/www.stredniskola.com\/wp-content\/uploads\/2025\/10\/Zadost-o-uznani-certifikatu.pdf\">\u017d\u00e1dost o uzn\u00e1n\u00ed certifik\u00e1tu<\/a><a href=\"https:\/\/www.stredniskola.com\/wp-content\/uploads\/2025\/10\/Zadost-o-uznani-certifikatu.pdf\" class=\"wp-block-file__button\" download>St\u00e1hnout<\/a><\/div>\n","protected":false},"excerpt":{"rendered":"<p>Maturitn\u00ed zkou\u0161ka ve \u0161koln\u00edm roce 2025\/2026 z\u016fst\u00e1v\u00e1 rozd\u011blena na dv\u011b \u010d\u00e1sti \u2013 spole\u010dnou (organizuje CERMAT) a profilovou (organizuje \u0161kola). Pr\u00e1vn\u00ed p\u0159edpisy \u0160kolsk\u00fd z\u00e1kon \u010d. 561\/2004 Sb., o p\u0159ed\u0161koln\u00edm, z\u00e1kladn\u00edm, st\u0159edn\u00edm, [&hellip;]<\/p>\n","protected":false},"author":1,"featured_media":0,"parent":0,"menu_order":0,"comment_status":"closed","ping_status":"closed","template":"","meta":[],"_links":{"self":[{"href":"https:\/\/www.stredniskola.com\/index.php\/wp-json\/wp\/v2\/pages\/636"}],"collection":[{"href":"https:\/\/www.stredniskola.com\/index.php\/wp-json\/wp\/v2\/pages"}],"about":[{"href":"https:\/\/www.stredniskola.com\/index.php\/wp-json\/wp\/v2\/types\/page"}],"author":[{"embeddable":true,"href":"https:\/\/www.stredniskola.com\/index.php\/wp-json\/wp\/v2\/users\/1"}],"replies":[{"embeddable":true,"href":"https:\/\/www.stredniskola.com\/index.php\/wp-json\/wp\/v2\/comments?post=636"}],"version-history":[{"count":93,"href":"https:\/\/www.stredniskola.com\/index.php\/wp-json\/wp\/v2\/pages\/636\/revisions"}],"predecessor-version":[{"id":7286,"href":"https:\/\/www.stredniskola.com\/index.php\/wp-json\/wp\/v2\/pages\/636\/revisions\/7286"}],"wp:attachment":[{"href":"https:\/\/www.stredniskola.com\/index.php\/wp-json\/wp\/v2\/media?parent=636"}],"curies":[{"name":"wp","href":"https:\/\/api.w.org\/{rel}","templated":true}]}}