{"id":862,"date":"2019-08-30T02:22:30","date_gmt":"2019-08-30T00:22:30","guid":{"rendered":"http:\/\/www.stredniskola.com\/cz\/?page_id=862"},"modified":"2025-09-18T15:16:56","modified_gmt":"2025-09-18T13:16:56","slug":"zaverecna-zkouska","status":"publish","type":"page","link":"https:\/\/www.stredniskola.com\/index.php\/zaverecna-zkouska\/","title":{"rendered":"Z\u00c1V\u011aRE\u010cN\u00c1 ZKOU\u0160KA PRO U\u010cEBN\u00cd OBORY"},"content":{"rendered":"\n<p><strong>Obsah a forma z\u00e1v\u011bre\u010dn\u00e9 zkou\u0161ky pro \u017e\u00e1ky u\u010debn\u00edch obor\u016f<\/strong><\/p>\n\n\n\n<ul><li>Z\u00e1v\u011bre\u010dn\u00e1 zkou\u0161ka se skl\u00e1d\u00e1: z p\u00edsemn\u00e9 zkou\u0161ky, \u00fastn\u00ed zkou\u0161ky a z praktick\u00e9 zkou\u0161ky z odborn\u00e9ho v\u00fdcviku.<\/li><li>P\u00edsemn\u00e1 zkou\u0161ka trv\u00e1 nejd\u00e9le 240 minut a \u0159editelem \u0161koly jsou pro ni stanovena t\u00e9mata, z nich\u017e si \u017e\u00e1k  jedno zvol\u00ed. \u010cas pro volbu bezprost\u0159edn\u011b p\u0159edch\u00e1z\u00ed p\u00edsemn\u00e9 zkou\u0161ce.<\/li><li>Hodnocen\u00ed p\u00edsemn\u00e9 \u010d\u00e1sti ZZ prob\u00edh\u00e1 podle platn\u00fdch p\u0159edpis\u016f Jednotn\u00e9 z\u00e1v\u011bre\u010dn\u00e9 zkou\u0161ky. <\/li><li>Praktick\u00e1 zkou\u0161ka se kon\u00e1 dle rozpisu, kter\u00fd je zve\u0159ejn\u011bn na webov\u00e9 str\u00e1nce \u0161koly. \u0158editel \u0161koly vyb\u00edr\u00e1 z jednotn\u00e9ho zad\u00e1n\u00ed ZZ nejm\u00e9n\u011b jedno t\u00e9ma, vybere-li v\u00edce, \u017e\u00e1ci si t\u00e9ma losuj\u00ed. Hodnocen\u00ed praktick\u00e9 \u010d\u00e1sti ZZ prob\u00edh\u00e1 podle platn\u00fdch p\u0159edpis\u016f Jednotn\u00e9 ZZ. Hodnocen\u00ed schvaluje p\u0159\u00edslu\u0161n\u00e1 komise.<\/li><li>Pro jednotliv\u00e9 \u00fastn\u00ed zkou\u0161ky  vybere \u0159editel \u0161koly nejm\u00e9n\u011b 25 t\u00e9mat, z nich\u017e si \u017e\u00e1k 1 t\u00e9ma vylosuje. P\u0159\u00edprava ke ka\u017ed\u00e9 zkou\u0161ce trv\u00e1 15 minut. Jednotliv\u00e9 \u00fastn\u00ed zkou\u0161ky trvaj\u00ed nejd\u00e9le 15 minut.<\/li><li>P\u0159i \u00fastn\u00ed zkou\u0161ce nelze v jednom dni losovat dvakr\u00e1t stejn\u00e9 t\u00e9ma. <\/li><li>P\u0159ed zah\u00e1jen\u00edm \u00fastn\u00ed zkou\u0161ky, p\u0159\u00edpadn\u011b praktick\u00e9 zkou\u0161ky se \u017e\u00e1ci ne\u00fa\u010dastn\u00ed vyu\u010dov\u00e1n\u00ed po dobu 5 vyu\u010dovac\u00edch dn\u016f stanoven\u00fdch \u0159editelem \u0161koly.<\/li><\/ul>\n\n\n\n<p><strong>Podm\u00ednky\npro vykon\u00e1n\u00ed z\u00e1v\u011bre\u010dn\u00e9 zkou\u0161ky<\/strong><\/p>\n\n\n\n<p>\u017d\u00e1k m\u016f\u017ee\nkonat z\u00e1v\u011bre\u010dnou zkou\u0161ku, pokud \u00fasp\u011b\u0161n\u011b ukon\u010dil posledn\u00ed ro\u010dn\u00edk st\u0159edn\u00edho\nvzd\u011bl\u00e1v\u00e1n\u00ed. (dle z\u00e1kona \u010d. 561\/2004 Sb. v platn\u00e9m zn\u011bn\u00ed)<br>\nPokud \u017e\u00e1k ukon\u010d\u00ed posledn\u00ed ro\u010dn\u00edk ne\u00fasp\u011b\u0161n\u011b:<br>\na) m\u00e1 3 a v\u00edce nedostate\u010dn\u00fdch \u2013 do konce \u010dervna po\u017e\u00e1d\u00e1 \u0159editele \u0161koly o\nopakov\u00e1n\u00ed ro\u010dn\u00edku<br>\nb) m\u00e1 1 a\u017e 2 nedostate\u010dn\u00e9, p\u0159\u00edpadn\u011b m\u00e1 z&nbsp;n\u011bkter\u00e9ho p\u0159edm\u011btu \u201enehodnocen\u201c: <br>\n&#8211; m\u00e1 mo\u017enost vykonat opravn\u00e9 zkou\u0161ky nebo zkou\u0161ky v&nbsp;n\u00e1hradn\u00edm term\u00ednu a\nv&nbsp;p\u0159\u00edpad\u011b \u00fasp\u011b\u0161n\u00e9ho vykon\u00e1n\u00ed t\u011bchto zkou\u0161ek jde k&nbsp;z\u00e1v\u011bre\u010dn\u00e9 zkou\u0161ce\nv&nbsp;n\u00e1hradn\u00edm term\u00ednu v&nbsp;z\u00e1\u0159\u00ed.<\/p>\n\n\n\n<p class=\"has-light-green-cyan-background-color has-text-color has-background has-large-font-size\" style=\"color:#090909\"><strong>Model z\u00e1v\u011bre\u010dn\u00e9 zkou\u0161ky pro \u0161koln\u00ed rok 2025\/2026 <\/strong><\/p>\n\n\n\n<div class=\"wp-block-file\"><a href=\"https:\/\/www.stredniskola.com\/wp-content\/uploads\/2025\/09\/rg26.pdf\" target=\"_blank\" rel=\"noreferrer noopener\">REPRODUK\u010cN\u00cd GRAFIK <\/a><a href=\"https:\/\/www.stredniskola.com\/wp-content\/uploads\/2025\/09\/rg26.pdf\" class=\"wp-block-file__button\" download>St\u00e1hnout<\/a><\/div>\n\n\n\n<div class=\"wp-block-file\"><a href=\"https:\/\/www.stredniskola.com\/wp-content\/uploads\/2025\/09\/k26.pdf\" target=\"_blank\" rel=\"noreferrer noopener\">KUCHA\u0158 &#8211; \u010c\u00cd\u0160N\u00cdK <\/a><a href=\"https:\/\/www.stredniskola.com\/wp-content\/uploads\/2025\/09\/k26.pdf\" class=\"wp-block-file__button\" download>St\u00e1hnout<\/a><\/div>\n\n\n\n<div class=\"wp-block-file\"><a href=\"https:\/\/www.stredniskola.com\/wp-content\/uploads\/2025\/09\/ds26.pdf\">MECHANIK DIGIT\u00c1LN\u00cdCH S\u00cdT\u00cd <\/a><a href=\"https:\/\/www.stredniskola.com\/wp-content\/uploads\/2025\/09\/ds26.pdf\" class=\"wp-block-file__button\" download>St\u00e1hnout<\/a><\/div>\n\n\n\n<p class=\"has-vivid-cyan-blue-background-color has-text-color has-background has-large-font-size\" style=\"color:#0b0b0b\"><strong>T\u00e9mata k z\u00e1v\u011bre\u010dn\u00e9 zkou\u0161ce<\/strong><\/p>\n\n\n\n<div class=\"wp-block-file\"><a href=\"https:\/\/www.stredniskola.com\/wp-content\/uploads\/2025\/09\/Tematicke-okruhy-k-ZZ-RG-26.pdf\" target=\"_blank\" rel=\"noreferrer noopener\"><a rel=\"noreferrer noopener\" href=\"https:\/\/www.stredniskola.com\/wp-content\/uploads\/2024\/11\/OKRUHY-RG.pdf\" target=\"_blank\">OKRUHY- ZZ &#8211; RG<\/a><\/a><a href=\"https:\/\/www.stredniskola.com\/wp-content\/uploads\/2025\/09\/Tematicke-okruhy-k-ZZ-RG-26.pdf\" class=\"wp-block-file__button\" download>St\u00e1hnout<\/a><\/div>\n\n\n\n<div class=\"wp-block-file\"><a href=\"https:\/\/www.stredniskola.com\/wp-content\/uploads\/2025\/09\/Tematicke-okruhy-k-ZZ-K-26.pdf\" target=\"_blank\" rel=\"noreferrer noopener\">Okruhy-ZZ-K <\/a><a href=\"https:\/\/www.stredniskola.com\/wp-content\/uploads\/2025\/09\/Tematicke-okruhy-k-ZZ-K-26.pdf\" class=\"wp-block-file__button\" download>St\u00e1hnout<\/a><\/div>\n\n\n\n<div class=\"wp-block-file\"><a href=\"https:\/\/www.stredniskola.com\/wp-content\/uploads\/2025\/09\/Tematicke-okruhy-k-ZZ-DS-26.pdf\">Okruhy-ZZ-DS <\/a><a href=\"https:\/\/www.stredniskola.com\/wp-content\/uploads\/2025\/09\/Tematicke-okruhy-k-ZZ-DS-26.pdf\" class=\"wp-block-file__button\" download>St\u00e1hnout<\/a><\/div>\n","protected":false},"excerpt":{"rendered":"<p>Obsah a forma z\u00e1v\u011bre\u010dn\u00e9 zkou\u0161ky pro \u017e\u00e1ky u\u010debn\u00edch obor\u016f Z\u00e1v\u011bre\u010dn\u00e1 zkou\u0161ka se skl\u00e1d\u00e1: z p\u00edsemn\u00e9 zkou\u0161ky, \u00fastn\u00ed zkou\u0161ky a z praktick\u00e9 zkou\u0161ky z odborn\u00e9ho v\u00fdcviku. P\u00edsemn\u00e1 zkou\u0161ka trv\u00e1 nejd\u00e9le 240 [&hellip;]<\/p>\n","protected":false},"author":3,"featured_media":0,"parent":0,"menu_order":0,"comment_status":"closed","ping_status":"closed","template":"","meta":[],"_links":{"self":[{"href":"https:\/\/www.stredniskola.com\/index.php\/wp-json\/wp\/v2\/pages\/862"}],"collection":[{"href":"https:\/\/www.stredniskola.com\/index.php\/wp-json\/wp\/v2\/pages"}],"about":[{"href":"https:\/\/www.stredniskola.com\/index.php\/wp-json\/wp\/v2\/types\/page"}],"author":[{"embeddable":true,"href":"https:\/\/www.stredniskola.com\/index.php\/wp-json\/wp\/v2\/users\/3"}],"replies":[{"embeddable":true,"href":"https:\/\/www.stredniskola.com\/index.php\/wp-json\/wp\/v2\/comments?post=862"}],"version-history":[{"count":34,"href":"https:\/\/www.stredniskola.com\/index.php\/wp-json\/wp\/v2\/pages\/862\/revisions"}],"predecessor-version":[{"id":6729,"href":"https:\/\/www.stredniskola.com\/index.php\/wp-json\/wp\/v2\/pages\/862\/revisions\/6729"}],"wp:attachment":[{"href":"https:\/\/www.stredniskola.com\/index.php\/wp-json\/wp\/v2\/media?parent=862"}],"curies":[{"name":"wp","href":"https:\/\/api.w.org\/{rel}","templated":true}]}}